{"id":63,"date":"2022-03-20T20:32:55","date_gmt":"2022-03-20T17:32:55","guid":{"rendered":"https:\/\/blogs.e-me.edu.gr\/alexma\/?page_id=63"},"modified":"2022-03-20T20:37:56","modified_gmt":"2022-03-20T17:37:56","slug":"%cf%80%ce%bf%ce%bb%ce%b9%cf%84%ce%b9%cf%83%cf%84%ce%b9%ce%ba%ce%bf-%cf%80%cf%81%ce%bf%ce%b3%cf%81%ce%b1%ce%bc%ce%bc%ce%b1-2017-18-%ce%bc%ce%b5-%ce%b1%cf%86%ce%bf%cf%81%ce%bc%ce%b7-%ce%b5%ce%bd%ce%b1","status":"publish","type":"page","link":"https:\/\/blogs.e-me.edu.gr\/alexma\/%cf%80%ce%bf%ce%bb%ce%b9%cf%84%ce%b9%cf%83%cf%84%ce%b9%ce%ba%ce%bf-%cf%80%cf%81%ce%bf%ce%b3%cf%81%ce%b1%ce%bc%ce%bc%ce%b1-2017-18-%ce%bc%ce%b5-%ce%b1%cf%86%ce%bf%cf%81%ce%bc%ce%b7-%ce%b5%ce%bd%ce%b1\/","title":{"rendered":"\u03a0\u039f\u039b\u0399\u03a4\u0399\u03a3\u03a4\u0399\u039a\u039f \u03a0\u03a1\u039f\u0393\u03a1\u0391\u039c\u039c\u0391 2017-18 : \u039c\u0395 \u0391\u03a6\u039f\u03a1\u039c\u0397 \u0395\u039d\u0391 &#8220;TANGO POEMA&#8221;"},"content":{"rendered":"<p><strong>\u03a0\u0395\u03a1\u0399\u0393\u03a1\u0391\u03a6\u0397 \u03a0\u03a1\u039f\u0393\u03a1\u0391\u039c\u039c\u0391\u03a4\u039f\u03a3<\/strong><\/p>\n<p><strong>\u0395\u03ba\u03c0\u03b1\u03b9\u03b4\u03b5\u03c5\u03c4\u03b9\u03ba\u03bf\u03af \u03c3\u03c4\u03cc\u03c7\u03bf\u03b9:<\/strong><\/p>\n<p>\u2022 \u039d\u03b1 \u03b3\u03bd\u03c9\u03c1\u03af\u03c3\u03bf\u03c5\u03bd \u03bf\u03b9 \u03bc\u03b1\u03b8\u03b7\u03c4\u03ad\u03c2 \u03c4\u03b7 \u03bc\u03bf\u03c5\u03c3\u03b9\u03ba\u03ae \u03c0\u03b1\u03c1\u03ac\u03b4\u03bf\u03c3\u03b7 \u03ba\u03b1\u03b9 \u03c4\u03bf\u03bd \u03c0\u03bf\u03bb\u03b9\u03c4\u03b9\u03c3\u03bc\u03cc \u03c4\u03b7\u03c2 \u0391\u03c1\u03b3\u03b5\u03bd\u03c4\u03b9\u03bd\u03ae\u03c2.<\/p>\n<p>\u2022 \u039d\u03b1 \u03b3\u03bd\u03c9\u03c1\u03af\u03c3\u03bf\u03c5\u03bd \u03b2\u03b9\u03c9\u03bc\u03b1\u03c4\u03b9\u03ba\u03ac \u03c4\u03b1 \u03b9\u03b4\u03b9\u03b1\u03af\u03c4\u03b5\u03c1\u03b1 \u03bc\u03bf\u03c5\u03c3\u03b9\u03ba\u03ac, \u03c1\u03c5\u03b8\u03bc\u03b9\u03ba\u03ac \u03ba\u03b1\u03b9 \u03c5\u03c6\u03bf\u03bb\u03bf\u03b3\u03b9\u03ba\u03ac \u03c3\u03c4\u03bf\u03b9\u03c7\u03b5\u03af\u03b1 \u03c4\u03bf\u03c5 \u03b1\u03c1\u03b3\u03b5\u03bd\u03c4\u03af\u03bd\u03b9\u03ba\u03bf\u03c5 \u03c4\u03ac\u03bd\u03b3\u03ba\u03bf \u03c3\u03b5 \u03c3\u03c5\u03bd\u03b4\u03c5\u03b1\u03c3\u03bc\u03cc \u03bc\u03b5 \u03c4\u03b7\u03bd \u03c0\u03bf\u03af\u03b7\u03c3\u03b7 \u03ba\u03b1\u03b9 \u03c4\u03bf \u03c0\u03b5\u03c1\u03b9\u03b5\u03c7\u03cc\u03bc\u03b5\u03bd\u03bf \u03c4\u03c9\u03bd \u03c4\u03c1\u03b1\u03b3\u03bf\u03c5\u03b4\u03b9\u03ce\u03bd.<\/p>\n<p>\u2022 \u039d\u03b1 \u03ba\u03b1\u03bb\u03bb\u03b9\u03b5\u03c1\u03b3\u03ae\u03c3\u03bf\u03c5\u03bd \u03c4\u03b9\u03c2 \u03bc\u03bf\u03c5\u03c3\u03b9\u03ba\u03ad\u03c2 \u03c4\u03bf\u03c5\u03c2 \u03b4\u03b5\u03be\u03b9\u03cc\u03c4\u03b7\u03c4\u03b5\u03c2 \u03c0\u03c1\u03bf\u03c4\u03b5\u03af\u03bd\u03bf\u03bd\u03c4\u03b1\u03c2 \u03ba\u03b1\u03b9 \u03b5\u03c6\u03b1\u03c1\u03bc\u03cc\u03b6\u03bf\u03bd\u03c4\u03b1\u03c2 \u03c4\u03b5\u03c7\u03bd\u03b9\u03ba\u03ad\u03c2 \u03b5\u03bd\u03bf\u03c1\u03c7\u03ae\u03c3\u03c4\u03c1\u03c9\u03c3\u03b7\u03c2.<\/p>\n<p>\u2022 \u039d\u03b1 \u03c3\u03c5\u03bc\u03c0\u03c1\u03ac\u03be\u03bf\u03c5\u03bd \u03bc\u03b5 \u03ad\u03bd\u03b1 \u03b5\u03c0\u03b1\u03b3\u03b3\u03b5\u03bb\u03bc\u03b1\u03c4\u03b9\u03ba\u03cc \u03c3\u03c5\u03b3\u03ba\u03c1\u03cc\u03c4\u03b7\u03bc\u03b1 \u03b1\u03c0\u03bf\u03ba\u03bf\u03bc\u03af\u03b6\u03bf\u03bd\u03c4\u03b1\u03c2 \u03b5\u03ba\u03c4\u03b5\u03bb\u03b5\u03c3\u03c4\u03b9\u03ba\u03ad\u03c2 \u03c4\u03b5\u03c7\u03bd\u03b9\u03ba\u03ad\u03c2 \u03ba\u03b1\u03b9 \u03c0\u03bb\u03bf\u03cd\u03c3\u03b9\u03b1 \u03bc\u03bf\u03c5\u03c3\u03b9\u03ba\u03ac \u03b5\u03c1\u03b5\u03b8\u03af\u03c3\u03bc\u03b1\u03c4\u03b1.<\/p>\n<p><strong>\u03a0\u03c1\u03b1\u03b3\u03bc\u03b1\u03c4\u03bf\u03c0\u03bf\u03b9\u03b7\u03b8\u03b5\u03af\u03c3\u03b5\u03c2 \u0394\u03c1\u03ac\u03c3\u03b5\u03b9\u03c2<\/strong>:<\/p>\n<p>\u2022 \u0393\u03bd\u03c9\u03c1\u03b9\u03bc\u03af\u03b1 \u03bc\u03b5 \u03c0\u03bf\u03b9\u03ba\u03af\u03bb\u03b5\u03c2 \u03b5\u03ba\u03c6\u03ac\u03bd\u03c3\u03b5\u03b9\u03c2 \u03c4\u03bf\u03c5 \u03b1\u03c1\u03b3\u03b5\u03bd\u03c4\u03af\u03bd\u03b9\u03ba\u03bf\u03c5 \u03c0\u03bf\u03bb\u03b9\u03c4\u03b9\u03c3\u03bc\u03bf\u03cd (\u03bc\u03bf\u03c5\u03c3\u03b9\u03ba\u03ae, \u03c7\u03bf\u03c1\u03cc\u03c2, \u03c0\u03bf\u03af\u03b7\u03c3\u03b7, \u03ba\u03b9\u03bd\u03b7\u03bc\u03b1\u03c4\u03bf\u03b3\u03c1\u03ac\u03c6\u03bf\u03c2) \u03ba\u03b1\u03b9 \u03b1\u03bd\u03ac\u03bb\u03c5\u03c3\u03b7 \u03c4\u03c9\u03bd \u03ba\u03bf\u03b9\u03bd\u03c9\u03bd\u03b9\u03ba\u03ce\u03bd \u03c3\u03c5\u03bd\u03b8\u03b7\u03ba\u03ce\u03bd \u03c0\u03bf\u03c5 \u03b3\u03ad\u03bd\u03bd\u03b7\u03c3\u03b1\u03bd \u03c4\u03bf\u03bd 19\u03bf \u03b1\u03b9\u03ce\u03bd\u03b1 \u03c4\u03bf \u03c4\u03ac\u03bd\u03b3\u03ba\u03bf \u03c3\u03c4\u03bf Buenos Aires.<\/p>\n<p><strong>\u2022 \u03a3\u03c5\u03bd\u03b5\u03c1\u03b3\u03b1\u03c3\u03af\u03b1 \u03bc\u03b5 \u03c4\u03bf \u03c3\u03c5\u03b3\u03ba\u03c1\u03cc\u03c4\u03b7\u03bc\u03b1 TANGartO.<\/strong><\/p>\n<p>\u0391\u03c0\u03bf\u03c4\u03b5\u03bb\u03ad\u03c3\u03bc\u03b1\u03c4\u03b1 \u2013 \u0395\u03c0\u03af\u03b4\u03c1\u03b1\u03c3\u03b7 \u03c3\u03c4\u03bf\u03c5\u03c2 \u03bc\u03b1\u03b8\u03b7\u03c4\u03ad\u03c2 \u03ba\u03b1\u03b9 \u03c4\u03b7\u03bd \u03ba\u03bf\u03b9\u03bd\u03c9\u03bd\u03af\u03b1:<\/p>\n<p>\u2022 \u039f\u03b9 \u03bc\u03b1\u03b8\u03b7\u03c4\u03ad\u03c2 \u03ba\u03b1\u03b9 \u03b7 \u03c4\u03bf\u03c0\u03b9\u03ba\u03ae \u03ba\u03bf\u03b9\u03bd\u03c9\u03bd\u03af\u03b1 \u03b5\u03af\u03c7\u03b1\u03bd \u03c4\u03b7 \u03b4\u03c5\u03bd\u03b1\u03c4\u03cc\u03c4\u03b7\u03c4\u03b1 \u03bd\u03b1 \u03b1\u03ba\u03bf\u03cd\u03c3\u03bf\u03c5\u03bd \u03c4\u03ac\u03bd\u03b3\u03ba\u03bf \u03bc\u03b5 \u03b5\u03be\u03b1\u03b9\u03c1\u03b5\u03c4\u03b9\u03ba\u03ad\u03c2 \u03b5\u03c1\u03bc\u03b7\u03bd\u03b5\u03af\u03b5\u03c2, \u03ba\u03b1\u03b8\u03ce\u03c2 \u03ba\u03b1\u03b9 \u03c4\u03bf \u03b7\u03c7\u03cc\u03c7\u03c1\u03c9\u03bc\u03b1 \u03c4\u03bf\u03c5 \u03bc\u03c0\u03b1\u03bd\u03c4\u03bf\u03bd\u03b5\u03cc\u03bd.<\/p>\n<p>\u2022 \u0393\u03bd\u03c9\u03c1\u03b9\u03bc\u03af\u03b1 \u03bc\u03b5 \u03c4\u03bf\u03bd \u03c4\u03bf\u03c0\u03b9\u03ba\u03cc \u03c3\u03cd\u03bb\u03bb\u03bf\u03b3\u03bf Puerto del Tango, \u03c0\u03bf\u03c5 \u03b1\u03c3\u03c7\u03bf\u03bb\u03b5\u03af\u03c4\u03b1\u03b9 \u03bc\u03b5 \u03c4\u03b7 \u03b4\u03b9\u03ac\u03b4\u03bf\u03c3\u03b7 \u03c4\u03bf\u03c5 \u03b1\u03c1\u03b3\u03b5\u03bd\u03c4\u03af\u03bd\u03b9\u03ba\u03bf\u03c5 \u03c4\u03ac\u03bd\u03b3\u03ba\u03bf - \u03c7\u03bf\u03c1\u03bf\u03cd \u03c3\u03c4\u03b7\u03bd \u03c0\u03cc\u03bb\u03b7 \u03bc\u03b1\u03c2 \u03b5\u03b4\u03ce \u03ba\u03b1\u03b9 13 \u03c7\u03c1\u03cc\u03bd\u03b9\u03b1.<\/p>\n<p><strong>\u03a0\u03a1\u039f\u0393\u03a1\u0391\u039c\u039c\u0391<\/strong><\/p>\n<p>\u266b Don Juan. \u039c\u03bf\u03c5\u03c3\u03b9\u03ba\u03ae: Ernesto Ponzio. \u03a0\u03b9\u03ac\u03bd\u03bf: \u039c\u03b1\u03c1\u03af\u03b1 \u03a0\u03bb\u03b1\u03b3\u03b5\u03c1\u03ac<\/p>\n<p>\u266b Mi Buenos Aires querido (1934). Carlos Gardel \/ Alfredo de Pera \u03a6\u03c9\u03bd\u03ae: A\u03bd\u03b1\u03c3\u03c4\u03b1\u03c3\u03af\u03b1 \u03a3\u03c0\u03c5\u03c1\u03b9\u03b4\u03ac\u03ba\u03b7. \u03a0\u03b1\u03af\u03b6\u03bf\u03c5\u03bd: Quinteto \u201cTANGartO\u201d.<\/p>\n<p>\u266b El bazar de los juguetes (1954). Roberto Rufino \/ Reinaldo Yiso. \u0395\u03bd\u03bf\u03c1\u03c7\u03ae\u03c3\u03c4\u03c1\u03c9\u03c3\u03b7, \u03c0\u03b9\u03ac\u03bd\u03bf: \u039a\u03c9\u03bd\u03c3\u03c4\u03b1\u03bd\u03c4\u03af\u03bd\u03bf\u03c2 \u03a3\u03b1\u03c1\u03ac\u03ba\u03b7\u03c2. \u03a6\u03c9\u03bd\u03ae: A\u03bd\u03b1\u03c3\u03c4\u03b1\u03c3\u03af\u03b1 \u03a3\u03c0\u03c5\u03c1\u03b9\u03b4\u03ac\u03ba\u03b7 &amp; \u039c\u03ac\u03c1\u03ba\u03bf\u03c2 \u039d\u03c4\u03cc\u03bd\u03b1\u03c2.<\/p>\n<p>\u266b Hasta siempre, amor (1953). Donato Racciatti \/ Federico Silva. \u03a0\u03b9\u03ac\u03bd\u03bf: \u039c\u03b1\u03c1\u03af\u03b1 \u03a0\u03bb\u03b1\u03b3\u03b5\u03c1\u03ac. \u03a6\u03c9\u03bd\u03ae: \u039a\u03c9\u03bd\u03c3\u03c4\u03b1\u03bd\u03c4\u03af\u03bd\u03b1 \u0395\u03bb\u03ad\u03bd\u03b7 \u03a7\u03bf\u03c1\u03bc\u03cc\u03b2\u03b1.<\/p>\n<p>\u266b Una emoci\u00f3n (1943). Ra\u00fal Kapl\u00fan \/ Jos\u00e9 Mar\u00eda Su\u00f1\u00e9. \u03a6\u03c9\u03bd\u03ae, \u03ba\u03b9\u03b8\u03ac\u03c1\u03b1: \u0393\u03b9\u03ac\u03bd\u03bd\u03b7\u03c2 \u03a3\u03c0\u03b1\u03bd\u03cc\u03c2, \u039b\u03b5\u03c5\u03c4\u03ad\u03c1\u03b7\u03c2 \u03a0\u03b9\u03c4\u03cc\u03c0\u03bf\u03c5\u03bb\u03bf\u03c2, \u0391\u03bd\u03b1\u03c3\u03c4\u03ac\u03c3\u03b7\u03c2 \u03a3\u03c4\u03bf\u03cd\u03bc\u03c0\u03bf\u03c2, \u0397\u03bb\u03af\u03b1\u03c2 \u03a1\u03af\u03b6\u03bf\u03c2.<\/p>\n<p>\u266b \u0395l dia que me quieras. Carlos Gardel \/ Alfredo de Pera \u03a0\u03b9\u03ac\u03bd\u03bf: \u039c\u03b1\u03c1\u03af\u03b1 \u03a0\u03bb\u03b1\u03b3\u03b5\u03c1\u03ac. \u03a6\u03c9\u03bd\u03ae: \u039a\u03c9\u03bd\u03c3\u03c4\u03b1\u03bd\u03c4\u03af\u03bd\u03b1 \u0395\u03bb\u03ad\u03bd\u03b7 \u03a7\u03bf\u03c1\u03bc\u03cc\u03b2\u03b1<\/p>\n<p>\u266b Isabelita Vals (1940). Rudolfo Sciamarella \/ Manuel Romero. \u039a\u03b1\u03bd\u03bf\u03bd\u03ac\u03ba\u03b9: \u0394\u03ad\u03c3\u03c0\u03bf\u03b9\u03bd\u03b1 \u03a0\u03b1\u03bb\u03bb\u03b7\u03ba\u03ac\u03c1\u03b7. \u0391\u03ba\u03bf\u03c1\u03bd\u03c4\u03b5\u03cc\u03bd: \u0392\u03b1\u03c3\u03af\u03bb\u03b7\u03c2 \u03a0\u03b1\u03bb\u03bb\u03b7\u03ba\u03ac\u03c1\u03b7\u03c2, \u0393. \u03a3\u03b9\u03ce\u03bc\u03bf\u03c2.<\/p>\n<p>\u266b So\u00f1ar y nada m\u00e1s Vals (1943). Francisco Canaro \/ Ivo Pelay. \u039a\u03b9\u03b8\u03ac\u03c1\u03b1, \u03c6\u03c9\u03bd\u03ae: \u039a\u03c9\u03bd\u03c3\u03c4\u03b1\u03bd\u03c4\u03af\u03bd\u03bf\u03c2 \u03a3\u03b1\u03c1\u03ac\u03ba\u03b7\u03c2.<\/p>\n<p>\u266b Coraz\u00f3n de oro. Vals. Francisco Canaro \/ Jesus Fernando Blanco. \u03a0\u03b1\u03af\u03b6\u03bf\u03c5\u03bd: \u201cTANGartO\u201c.<\/p>\n<p>\u266b Se dice de mi . Milonga (1943). Francisco Canaro &amp; Ivo Pelay.<\/p>\n<p>\u03a0\u03b1\u03af\u03b6\u03bf\u03c5\u03bd: \u201cTANGartO\u201c. \u03a6\u03c9\u03bd\u03ae: \u039a\u03c9\u03bd\u03c3\u03c4\u03b1\u03bd\u03c4\u03af\u03bd\u03b1 \u0395\u03bb\u03ad\u03bd\u03b7 \u03a7\u03bf\u03c1\u03bc\u03cc\u03b2\u03b1.<\/p>\n<p>\u266b Milonga sentimental (1931). Sebasti\u00e1n Piana \/ Homero Manzi. \u03a0\u03b9\u03ac\u03bd\u03bf: \u039c\u03b1\u03c1\u03af\u03b1 \u03a0\u03bb\u03b1\u03b3\u03b5\u03c1\u03ac. \u0392\u03b9\u03bf\u03bb\u03af: \u0396\u03ae\u03c3\u03b7\u03c2 \u03a4\u03b6\u03af\u03c6\u03b1\u03c2-\u039a\u03c1\u03b1\u03c4\u03ae\u03c1\u03b1\u03c2<\/p>\n<p>\u266b Vuelvo al sur (1988). Astor Piazzolla \/ Fernando Solanas. \u03a0\u03b1\u03af\u03b6\u03bf\u03c5\u03bd: \u201cTANGartO\u201c &amp; \u03a6\u03c9\u03bd\u03ae: \u039a\u03c9\u03bd\u03c3\u03c4\u03b1\u03bd\u03c4\u03af\u03bd\u03b1 \u0395\u03bb\u03ad\u03bd\u03b7 \u03a7\u03bf\u03c1\u03bc\u03cc\u03b2\u03b1.<\/p>\n<p>\u266b Balada para un loco (1969). Astor Piazzolla \/ Horacio Ferrer. \u03a0\u03b1\u03af\u03b6\u03bf\u03c5\u03bd: \u201cTANGartO\u201c &amp; \u03a6\u03c9\u03bd\u03ae: \u0391\u03bd. \u03a3\u03c0\u03c5\u03c1\u03b9\u03b4\u03ac\u03ba\u03b7.<\/p>\n<p>\u266b La cumparsita (1916). \u039f\u03c1\u03c7\u03ae\u03c3\u03c4\u03c1\u03b1 \u03c0\u03bf\u03bb\u03b9\u03c4\u03b9\u03c3\u03c4\u03b9\u03ba\u03bf\u03cd \u03c0\u03c1\u03bf\u03b3\u03c1\u03ac\u03bc\u03bc\u03b1\u03c4\u03bf\u03c2.<\/p>\n<p><strong>\u039c\u03b1\u03b8\u03b7\u03c4\u03b9\u03ba\u03ae TANGO\u03c1\u03c7\u03ae\u03c3\u03c4\u03c1\u03b1<\/strong><\/p>\n<p><strong>\u03a0\u03b9\u03ac\u03bd\u03bf:<\/strong> \u039c\u03b1\u03c1\u03af\u03b1 \u03a0\u03bb\u03b1\u03b3\u03b5\u03c1\u03ac, \u039a\u03c9\u03bd\u03c3\u03c4\u03b1\u03bd\u03c4\u03af\u03bd\u03bf\u03c2 \u03a3\u03b1\u03c1\u03ac\u03ba\u03b7\u03c2<\/p>\n<p><strong>\u0391\u03ba\u03bf\u03c1\u03bd\u03c4\u03b5\u03cc\u03bd:<\/strong> \u0392\u03b1\u03c3\u03af\u03bb\u03b7\u03c2 \u03a0\u03b1\u03bb\u03bb\u03b7\u03ba\u03ac\u03c1\u03b7\u03c2, \u0393\u03b9\u03ce\u03c1\u03b3\u03bf\u03c2 \u03a3\u03b9\u03ce\u03bc\u03bf\u03c2<\/p>\n<p><strong>\u039a\u03b1\u03bd\u03bf\u03bd\u03ac\u03ba\u03b9:<\/strong> \u0394\u03ad\u03c3\u03c0\u03bf\u03b9\u03bd\u03b1 \u03a0\u03b1\u03bb\u03bb\u03b7\u03ba\u03ac\u03c1\u03b7<\/p>\n<p><strong>\u0392\u03b9\u03bf\u03bb\u03af:<\/strong> \u0396\u03ae\u03c3\u03b7\u03c2 \u03a4\u03b6\u03af\u03c6\u03b1\u03c2-\u039a\u03c1\u03b1\u03c4\u03ae\u03c1\u03b1\u03c2<\/p>\n<p><strong>\u039a\u03b9\u03b8\u03ac\u03c1\u03b5\u03c2:<\/strong> \u0393\u03b9\u03ac\u03bd\u03bd\u03b7\u03c2 \u03a3\u03c0\u03b1\u03bd\u03cc\u03c2 \u039b\u03b5\u03c5\u03c4\u03ad\u03c1\u03b7\u03c2 \u03a0\u03b9\u03c4\u03cc\u03c0\u03bf\u03c5\u03bb\u03bf\u03c2 \u0391\u03bd\u03b1\u03c3\u03c4\u03ac\u03c3\u03b7\u03c2 \u03a3\u03c4\u03bf\u03cd\u03bc\u03c0\u03bf\u03c2 \u039a\u03c9\u03bd\u03c3\u03c4\u03b1\u03bd\u03c4\u03af\u03bd\u03bf\u03c2 \u03a3\u03b1\u03c1\u03ac\u03ba\u03b7\u03c2<\/p>\n<p><strong>\u039a\u03c1\u03bf\u03c5\u03c3\u03c4\u03ac:<\/strong> \u0392\u03b1\u03b3\u03b3\u03ad\u03bb\u03b7\u03c2 \u039c\u03c0\u03b1\u03ba\u03ac\u03bb\u03b7\u03c2, \u03a0\u03bb\u03b1\u03b3\u03b5\u03c1\u03ac \u039c\u03b1\u03c1\u03af\u03b1<\/p>\n<p><strong>\u03a4\u03c1\u03bf\u03bc\u03c0\u03ad\u03c4\u03b1:<\/strong> \u03a7\u03bf\u03c5\u03b1\u03bd\u03af\u03c4\u03bf \u039a\u03bf\u03bb\u03ad\u03c4\u03c3\u03b9\u03bf\u03c2-\u0391\u03bb\u03b5\u03be\u03af\u03bf\u03c5 (\u0395 \u2018 \u03c4\u03ac\u03be\u03b7 \u0394\u03b7\u03bc\u03bf\u03c4\u03b9\u03ba\u03bf\u03cd)<\/p>\n<p><strong>\u03a4\u03c1\u03b1\u03b3\u03bf\u03c5\u03b4\u03bf\u03cd\u03bd:<\/strong><\/p>\n<p>\u0391\u03bd\u03b1\u03c3\u03c4\u03b1\u03c3\u03af\u03b1 \u03a3\u03c0\u03c5\u03c1\u03b9\u03b4\u03ac\u03ba\u03b7<\/p>\n<p>\u039a\u03c9\u03bd\u03c3\u03c4\u03b1\u03bd\u03c4\u03af\u03bd\u03b1 \u0395\u03bb\u03ad\u03bd\u03b7 \u03a7\u03bf\u03c1\u03bc\u03cc\u03b2\u03b1<\/p>\n<p>\u039a\u03c9\u03bd\u03c3\u03c4\u03b1\u03bd\u03c4\u03af\u03bd\u03bf\u03c2 \u03a3\u03b1\u03c1\u03ac\u03ba\u03b7\u03c2<\/p>\n<p>\u0393\u03b9\u03ac\u03bd\u03bd\u03b7\u03c2 \u03a3\u03c0\u03b1\u03bd\u03cc\u03c2<\/p>\n<p>\u039c\u03ac\u03c1\u03ba\u03bf\u03c2 \u039d\u03c4\u03cc\u03bd\u03b1\u03c2<\/p>\n<p><strong>\u0391\u03c6\u03ae\u03b3\u03b7\u03c3\u03b7 :<\/strong> \u039a\u03bb\u03b5\u03bf\u03c0\u03ac\u03c4\u03c1\u03b1 \u039d\u03c4\u03cc\u03bd\u03b1<\/p>\n<p><strong>\u0391\u03c0\u03b1\u03b3\u03b3\u03b5\u03bb\u03af\u03b1 \u03c0\u03bf\u03b9\u03b7\u03bc\u03ac\u03c4\u03c9\u03bd:<\/strong> \u038c\u03bb\u03b9\u03b1 \u03a1\u03af\u03b6\u03bf\u03c5, \u039d\u03af\u03ba\u03bf\u03c2 \u0391\u03bc\u03b1\u03bd\u03b1\u03c4\u03af\u03b4\u03b7\u03c2<\/p>\n<p>&nbsp;<\/p>\n<p><strong>A\u03c6\u03af\u03c3\u03b1\/ \u0395\u03be\u03ce\u03c6. \u03c0\u03c1\u03bf\u03b3\u03c1\u03ac\u03bc.\u0396\u03c9\u03b3\u03c1\u03b1\u03c6\u03b9\u03ba\u03ae: <\/strong>\u039c\u03b1\u03c1\u03af\u03b1 \u039a\u03b1\u03c1\u03c1\u03ac<\/p>\n<p><strong>\u0395\u03c0\u03b9\u03bc\u03ad\u03bb\u03b5\u03b9\u03b1 \u03c0\u03c1\u03bf\u03b3\u03c1\u03ac\u03bc\u03bc\u03b1\u03c4\u03bf\u03c2:<\/strong> \u0395\u03bb\u03ad\u03bd\u03b7 \u0391\u03c0\u03bf\u03c3\u03c4\u03bf\u03bb\u03bf\u03c0\u03bf\u03cd\u03bb\u03bf\u03c5<\/p>\n<p><strong>\u03a5\u03c0\u03b5\u03cd\u03b8\u03c5\u03bd\u03bf\u03b9 \u03ba\u03b1\u03b8\u03b7\u03b3\u03b7\u03c4\u03ad\u03c2\/\u03c4\u03c1\u03b9\u03b5\u03c2 \u03c0\u03bf\u03bb\u03b9\u03c4\u03b9\u03c3\u03c4\u03b9\u03ba\u03bf\u03cd \u03c0\u03c1\u03bf\u03b3\u03c1\u03ac\u03bc\u03bc\u03b1\u03c4\u03bf\u03c2:<\/strong><\/p>\n<p><strong>\u039c\u03b1\u03b3\u03b4\u03b1\u03bb\u03b7\u03bd\u03ae \u0391\u03bb\u03b5\u03be\u03af\u03bf\u03c5, \u0394\u03ad\u03c3\u03c0\u03bf\u03b9\u03bd\u03b1 \u0391\u03c5\u03b8\u03b5\u03bd\u03c4\u03bf\u03c0\u03bf\u03cd\u03bb\u03bf\u03c5, \u0392\u03b1\u03b3\u03b3\u03ad\u03bb\u03b7\u03c2 \u039c\u03c0\u03b1\u03ba\u03ac\u03bb\u03b7\u03c2 <\/strong><\/p>\n<p>\u039c\u03b1\u03b6\u03af \u03bc\u03b1\u03c2 \u03bf\u03b9 :<\/p>\n<p>Quinteto \u201c<strong>TANGartO<\/strong>\u201d \u201d<strong>Puerto del Tango<\/strong>\u201d (\u03c7\u03bf\u03c1\u03cc\u03c2 \u03b1\u03c0\u03cc \u03c6\u03af\u03bb\u03bf\u03c5\u03c2 \u03ba\u03b1\u03b9 \u03bc\u03ad\u03bb\u03b7)<\/p>\n<p><strong>\u0397\u03c7\u03bf\u03bb\u03b7\u03c8\u03af\u03b1:<\/strong> \u0398\u03c9\u03bc\u03ac\u03c2 \u039f\u03b9\u03ba\u03bf\u03bd\u03cc\u03bc\u03bf\u03c5<\/p>\n<p><strong>\u0392\u03af\u03bd\u03c4\u03b5\u03bf &amp; \u03a6\u03c9\u03c4\u03bf\u03b3\u03c1\u03b1\u03c6\u03af\u03b5\u03c2<\/strong>: \u0393\u03b9\u03ac\u03bd\u03bd\u03b7\u03c2 \u0392\u03bf\u03b3\u03b9\u03b1\u03c4\u03b6\u03ae\u03c2, \u0391\u03c0\u03bf\u03c3\u03c4\u03cc\u03bb\u03b7\u03c2 \u039d\u03ac\u03bd\u03bf\u03c2<\/p>\n<p>\u0395\u03c5\u03c7\u03b1\u03c1\u03b9\u03c3\u03c4\u03bf\u03cd\u03bc\u03b5 \u03c4\u03bf\u03c5\u03c2 <strong>\u039c\u03b1\u03b8\u03b7\u03c4\u03ad\u03c2\/\u03c4\u03c1\u03b9\u03b5\u03c2<\/strong>, \u03c4\u03bf <strong>\u03a3\u03cd\u03bb\u03bb\u03bf\u03b3\u03bf \u0393\u03bf\u03bd\u03ad\u03c9\u03bd \u03ba\u03b1\u03b9 \u039a\u03b7\u03b4\u03b5\u03bc\u03cc\u03bd\u03c9\u03bd<\/strong>, \u03cc\u03bb\u03bf\u03c5\u03c2 \u03c4\u03bf\u03c5\u03c2 <strong>\u03a3\u03c5\u03bd\u03b1\u03b4\u03ad\u03bb\u03c6\u03bf\u03c5\u03c2 \u0395\u03ba\u03c0\u03b1\u03b9\u03b4\u03b5\u03c5\u03c4\u03b9\u03ba\u03bf\u03cd\u03c2<\/strong>, \u03c4\u03b7\u03bd <strong>\u0394\u03b9\u03b5\u03c5\u03b8\u03cd\u03bd\u03c4\u03c1\u03b9\u03b1<\/strong> \u03ba\u03b1\u03b9 \u03c4\u03bf\u03c5\u03c2 <strong>\u03a5\u03c0\u03bf\u03b4\u03b9\u03b5\u03c5\u03b8\u03c5\u03bd\u03c4\u03ad\u03c2<\/strong> \u03c0\u03bf\u03c5 \u03c3\u03c5\u03bd\u03ad\u03b2\u03b1\u03bb\u03b1\u03bd \u03c3\u03c4\u03b7\u03bd \u03c0\u03c1\u03b1\u03b3\u03bc\u03b1\u03c4\u03bf\u03c0\u03bf\u03af\u03b7\u03c3\u03b7 \u03c4\u03bf\u03c5 <strong>\u03c0\u03c1\u03bf\u03b3\u03c1\u03ac\u03bc\u03bc\u03b1\u03c4\u03bf\u03c2 \u00ab\u039c\u03b5 \u03b1\u03c6\u03bf\u03c1\u03bc\u03ae \u03ad\u03bd\u03b1 \u03c4\u03ac\u03bd\u03b3\u03ba\u03bf \u03c0\u03bf\u03af\u03b7\u03bc\u03b1\u00bb<\/strong>.<\/p>\n","protected":false},"excerpt":{"rendered":"<p>\u03a0\u0395\u03a1\u0399\u0393\u03a1\u0391\u03a6\u0397 \u03a0\u03a1\u039f\u0393\u03a1\u0391\u039c\u039c\u0391\u03a4\u039f\u03a3 \u0395\u03ba\u03c0\u03b1\u03b9\u03b4\u03b5\u03c5\u03c4\u03b9\u03ba\u03bf\u03af \u03c3\u03c4\u03cc\u03c7\u03bf\u03b9: \u2022 \u039d\u03b1 \u03b3\u03bd\u03c9\u03c1\u03af\u03c3\u03bf\u03c5\u03bd \u03bf\u03b9 \u03bc\u03b1\u03b8\u03b7\u03c4\u03ad\u03c2 \u03c4\u03b7 \u03bc\u03bf\u03c5\u03c3\u03b9\u03ba\u03ae \u03c0\u03b1\u03c1\u03ac\u03b4\u03bf\u03c3\u03b7 \u03ba\u03b1\u03b9 \u03c4\u03bf\u03bd \u03c0\u03bf\u03bb\u03b9\u03c4\u03b9\u03c3\u03bc\u03cc \u03c4\u03b7\u03c2 \u0391\u03c1\u03b3\u03b5\u03bd\u03c4\u03b9\u03bd\u03ae\u03c2. \u2022 \u039d\u03b1 \u03b3\u03bd\u03c9\u03c1\u03af\u03c3\u03bf\u03c5\u03bd \u03b2\u03b9\u03c9\u03bc\u03b1\u03c4\u03b9\u03ba\u03ac \u03c4\u03b1 \u03b9\u03b4\u03b9\u03b1\u03af\u03c4\u03b5\u03c1\u03b1 \u03bc\u03bf\u03c5\u03c3\u03b9\u03ba\u03ac, \u03c1\u03c5\u03b8\u03bc\u03b9\u03ba\u03ac \u03ba\u03b1\u03b9 \u03c5\u03c6\u03bf\u03bb\u03bf\u03b3\u03b9\u03ba\u03ac \u03c3\u03c4\u03bf\u03b9\u03c7\u03b5\u03af\u03b1 \u03c4\u03bf\u03c5 \u03b1\u03c1\u03b3\u03b5\u03bd\u03c4\u03af\u03bd\u03b9\u03ba\u03bf\u03c5 \u03c4\u03ac\u03bd\u03b3\u03ba\u03bf \u03c3\u03b5 \u03c3\u03c5\u03bd\u03b4\u03c5\u03b1\u03c3\u03bc\u03cc \u03bc\u03b5 \u03c4\u03b7\u03bd \u03c0\u03bf\u03af\u03b7\u03c3\u03b7 \u03ba\u03b1\u03b9 \u03c4\u03bf &hellip; <\/p>\n<div class=\"more-link-wrapper\"><a href=\"https:\/\/blogs.e-me.edu.gr\/alexma\/%cf%80%ce%bf%ce%bb%ce%b9%cf%84%ce%b9%cf%83%cf%84%ce%b9%ce%ba%ce%bf-%cf%80%cf%81%ce%bf%ce%b3%cf%81%ce%b1%ce%bc%ce%bc%ce%b1-2017-18-%ce%bc%ce%b5-%ce%b1%cf%86%ce%bf%cf%81%ce%bc%ce%b7-%ce%b5%ce%bd%ce%b1\/\" class=\"more-link\">Continue reading<span class=\"screen-reader-text\"> &#8220;\u03a0\u039f\u039b\u0399\u03a4\u0399\u03a3\u03a4\u0399\u039a\u039f \u03a0\u03a1\u039f\u0393\u03a1\u0391\u039c\u039c\u0391 2017-18 : \u039c\u0395 \u0391\u03a6\u039f\u03a1\u039c\u0397 \u0395\u039d\u0391 &#8220;TANGO POEMA&#8221;&#8221;<\/span><\/a><\/div>\n","protected":false},"author":2417,"featured_media":0,"parent":0,"menu_order":0,"comment_status":"open","ping_status":"open","template":"","meta":{"footnotes":""},"class_list":["post-63","page","type-page","status-publish","hentry"],"_links":{"self":[{"href":"https:\/\/blogs.e-me.edu.gr\/alexma\/wp-json\/wp\/v2\/pages\/63","targetHints":{"allow":["GET"]}}],"collection":[{"href":"https:\/\/blogs.e-me.edu.gr\/alexma\/wp-json\/wp\/v2\/pages"}],"about":[{"href":"https:\/\/blogs.e-me.edu.gr\/alexma\/wp-json\/wp\/v2\/types\/page"}],"author":[{"embeddable":true,"href":"https:\/\/blogs.e-me.edu.gr\/alexma\/wp-json\/wp\/v2\/users\/2417"}],"replies":[{"embeddable":true,"href":"https:\/\/blogs.e-me.edu.gr\/alexma\/wp-json\/wp\/v2\/comments?post=63"}],"version-history":[{"count":0,"href":"https:\/\/blogs.e-me.edu.gr\/alexma\/wp-json\/wp\/v2\/pages\/63\/revisions"}],"wp:attachment":[{"href":"https:\/\/blogs.e-me.edu.gr\/alexma\/wp-json\/wp\/v2\/media?parent=63"}],"curies":[{"name":"wp","href":"https:\/\/api.w.org\/{rel}","templated":true}]}}