{"id":281,"date":"2024-12-15T20:59:44","date_gmt":"2024-12-15T17:59:44","guid":{"rendered":"https:\/\/blogs.e-me.edu.gr\/elkorakaki\/?page_id=281"},"modified":"2025-01-15T19:53:50","modified_gmt":"2025-01-15T16:53:50","slug":"%ce%b5%cf%85%cf%81%cf%89%cf%80%ce%b1%cf%8a%ce%ba%cf%8c-%cf%80%cf%81%cf%8c%ce%b3%cf%81%ce%b1%ce%bc%ce%bc%ce%b1-erasmus-%ce%b4%cf%81%ce%ac%cf%83%ce%b7%cf%82-%ce%ba%ce%b12-%ce%bc%ce%b5-%ce%ba%cf%89","status":"publish","type":"page","link":"https:\/\/blogs.e-me.edu.gr\/elkorakaki\/%ce%b5%cf%85%cf%81%cf%89%cf%80%ce%b1%cf%8a%ce%ba%cf%8c-%cf%80%cf%81%cf%8c%ce%b3%cf%81%ce%b1%ce%bc%ce%bc%ce%b1-erasmus-%ce%b4%cf%81%ce%ac%cf%83%ce%b7%cf%82-%ce%ba%ce%b12-%ce%bc%ce%b5-%ce%ba%cf%89\/","title":{"rendered":"\u0395\u03c5\u03c1\u03c9\u03c0\u03b1\u03ca\u03ba\u03cc \u03a0\u03c1\u03cc\u03b3\u03c1\u03b1\u03bc\u03bc\u03b1 Erasmus +\/\u0394\u03c1\u03ac\u03c3\u03b7\u03c2 \u039a\u03912, \u03bc\u03b5 \u03ba\u03c9\u03b4\u03b9\u03ba\u03cc \u03b1\u03c1\u03b9\u03b8\u03bc\u03cc 2022-1-PL01-KA220-SCH-000085355 \u03ba\u03b1\u03b9 \u03c4\u03af\u03c4\u03bb\u03bf \u201cA DIFFERENT VIEW OF THE WORLD\u201d"},"content":{"rendered":"<table style=\"border-collapse: collapse;width: 100%;height: 967px\">\n<tbody>\n<tr style=\"height: 94px\">\n<td style=\"width: 100%;height: 94px\" colspan=\"2\"><img loading=\"lazy\" decoding=\"async\" class=\" wp-image-316 aligncenter\" src=\"https:\/\/blogs.e-me.edu.gr\/elkorakaki\/wp-content\/uploads\/sites\/335120\/2025\/01\/logo-300x212.png\" alt=\"\" width=\"462\" height=\"326\" srcset=\"https:\/\/blogs.e-me.edu.gr\/elkorakaki\/wp-content\/uploads\/sites\/335120\/2025\/01\/logo-300x212.png 300w, https:\/\/blogs.e-me.edu.gr\/elkorakaki\/wp-content\/uploads\/sites\/335120\/2025\/01\/logo-768x543.png 768w, https:\/\/blogs.e-me.edu.gr\/elkorakaki\/wp-content\/uploads\/sites\/335120\/2025\/01\/logo.png 1022w\" sizes=\"auto, (max-width: 462px) 100vw, 462px\" \/><\/td>\n<\/tr>\n<tr style=\"height: 131px\">\n<td style=\"width: 100%;height: 131px\" colspan=\"2\">\n<div>\n<h4><span style=\"font-size: 14pt\"><strong>\u03a4\u03bf \u03c0\u03c1\u03cc\u03b3\u03c1\u03b1\u03bc\u03bc\u03b1 \u03b1\u03c5\u03c4\u03cc \u03b5\u03af\u03c7\u03b5 \u03c9\u03c2 \u03b8\u03ad\u03bc\u03b1 \u03c4\u03b7 \u03c6\u03c9\u03c4\u03bf\u03b3\u03c1\u03b1\u03c6\u03af\u03b1 \u03ba\u03b1\u03b9 \u03c4\u03b7 \u03c7\u03c1\u03ae\u03c3\u03b7 \u03c4\u03b7\u03c2 \u03c9\u03c2 \u03b5\u03c1\u03b3\u03b1\u03bb\u03b5\u03af\u03bf \u03b3\u03b9\u03b1 \u03c4\u03b7 \u03b4\u03b9\u03b4\u03b1\u03c3\u03ba\u03b1\u03bb\u03af\u03b1 \u03cc\u03bb\u03c9\u03bd \u03c4\u03c9\u03bd \u03b4\u03b9\u03b4\u03b1\u03ba\u03c4\u03b9\u03ba\u03ce\u03bd \u03b1\u03bd\u03c4\u03b9\u03ba\u03b5\u03b9\u03bc\u03ad\u03bd\u03c9\u03bd.<\/strong><\/span><\/h4>\n<h4><\/h4>\n<h4><span style=\"font-size: 14pt\"><strong>\u03a4\u03b1 \u03c3\u03c7\u03bf\u03bb\u03b5\u03af\u03b1 \u03c0\u03bf\u03c5 \u03c3\u03c5\u03bc\u03bc\u03b5\u03c4\u03b5\u03af\u03c7\u03b1\u03bd \u03c3\u03c4\u03bf \u03c0\u03c1\u03cc\u03b3\u03c1\u03b1\u03bc\u03bc\u03b1 \u03ae\u03c4\u03b1\u03bd :<\/strong><\/span><\/h4>\n<h4><span style=\"font-family: arial, helvetica, sans-serif;font-size: 14pt\">1. <span style=\"letter-spacing: -0.8px\">VI High School. Joachim Lelewel,<\/span>, \u03c3\u03c4\u03b7\u03bd \u0141\u00f3d\u017a, \u03a0\u03bf\u03bb\u03c9\u03bd\u03af\u03b1 (\u03a3\u03c7\u03bf\u03bb\u03b5\u03af\u03bf \u03a3\u03c5\u03bd\u03c4\u03bf\u03bd\u03b9\u03c3\u03c4\u03ae\u03c2)<\/span><\/h4>\n<h4><span style=\"font-size: 14pt;font-family: arial, helvetica, sans-serif\">2. Liceo Scientifico Statale E. Majorana, Catania, \u03c3\u03c4\u03b7 \u03a3\u03b9\u03ba\u03b5\u03bb\u03af\u03b1, \u0399\u03c4\u03b1\u03bb\u03af\u03b1<\/span><\/h4>\n<h4><span style=\"font-size: 14pt;font-family: arial, helvetica, sans-serif\">3. Escola Secundaria Jaime Moniz, \u03c3\u03c4\u03b7 \u039c\u03b1\u03b4\u03ad\u03c1\u03b1, \u03a0\u03bf\u03c1\u03c4\u03bf\u03b3\u03b1\u03bb\u03af\u03b1<\/span><\/h4>\n<h4><span style=\"font-size: 14pt;font-family: arial, helvetica, sans-serif\">4. Srednja Skola\u00a0fra Andrije Ka\u010di\u0107a Mio\u0161i\u0107a, \u03c3\u03c4\u03b7\u03bd \u039a\u03c1\u03bf\u03b1\u03c4\u03af\u03b1<\/span><\/h4>\n<h4><span style=\"font-family: arial, helvetica, sans-serif;font-size: 14pt\">5. Model General Lyceum, \u0397\u03c1\u03ac\u03ba\u03bb\u03b5\u03b9\u03bf \u039a\u03c1\u03ae\u03c4\u03b7\u03c2, \u0395\u03bb\u03bb\u03ac\u03b4\u03b1<\/span><\/h4>\n<\/div>\n<\/td>\n<\/tr>\n<tr style=\"height: 161px\">\n<td style=\"width: 100%;text-align: left;height: 161px\" colspan=\"2\"><strong>\u00a0<span style=\"font-size: 14pt\">\u038c\u03bb\u03bf \u03c4\u03bf \u03c5\u03bb\u03b9\u03ba\u03cc \u03c4\u03bf\u03c5 \u03c0\u03c1\u03bf\u03b3\u03c1\u03ac\u03bc\u03bc\u03b1\u03c4\u03bf\u03c2 \u03b2\u03c1\u03af\u03c3\u03ba\u03b5\u03c4\u03b5 \u03b1\u03bd\u03b1\u03c1\u03c4\u03b7\u03bc\u03ad\u03bd\u03bf \u03c3\u03c4\u03b7\u03bd \u03b9\u03c3\u03c4\u03bf\u03c3\u03b5\u03bb\u03af\u03b4\u03b1 \u03c4\u03bf\u03c5 \u0395\u03c5\u03c1\u03c9\u03c0\u03b1\u03ca\u03ba\u03bf\u03cd \u03c0\u03c1\u03bf\u03b3\u03c1\u03ac\u03bc\u03bc\u03b1\u03c4\u03bf\u03c2 eTwinning, \u03b3\u03b9\u03b1 \u03c4\u03bf \u03bf\u03c0\u03bf\u03af\u03bf \u03c4\u03bf \u03c3\u03c7\u03bf\u03bb\u03b5\u03af\u03bf \u03bc\u03b1\u03c2 \u03ae\u03c4\u03b1\u03bd \u03c5\u03c0\u03b5\u03cd\u03b8\u03c5\u03bd\u03bf:<\/span><\/strong><\/p>\n<p><span style=\"font-size: 18pt\"><strong style=\"color: #0000ff\"><a style=\"color: #0000ff\" href=\"https:\/\/school-education.ec.europa.eu\/en\/etwinning\/projects\/different-view-world\/twinspace\/pages\">https:\/\/school-education.ec.europa.eu\/en\/etwinning\/projects\/different-view-world\/twinspace\/pages<\/a><\/strong><\/span><\/td>\n<\/tr>\n<tr style=\"height: 29px\">\n<td style=\"width: 100%;height: 29px\" colspan=\"2\"><span style=\"text-decoration: underline\"><span style=\"font-family: 'arial black', sans-serif;font-size: 18pt\">\u0394\u03c1\u03ac\u03c3\u03b5\u03b9\u03c2 \u03c0\u03c1\u03bf\u03b3\u03c1\u03ac\u03bc\u03bc\u03b1\u03c4\u03bf\u03c2:<\/span><\/span><\/td>\n<\/tr>\n<tr style=\"height: 29px\">\n<td style=\"width: 56.6334%;height: 29px\"><strong>\u0394\u03b5\u03bb\u03c4\u03af\u03bf \u03c4\u03cd\u03c0\u03bf\u03c5:<\/strong>\u00a0<span style=\"color: #0000ff\"><strong><a style=\"color: #0000ff\" href=\"https:\/\/blogs.e-me.edu.gr\/elkorakaki\/wp-content\/uploads\/sites\/335120\/2025\/01\/\u03b4\u03b5\u03bb\u03c4\u03af\u03bf-\u03c4\u03c5\u03c0\u03bf\u03c5-\u03a0\u03bf\u03bb\u03c9\u03bd\u03af\u03b1.pdf\">\u039c\u03b5\u03c4\u03b1\u03ba\u03af\u03bd\u03b7\u03c3\u03b7 \u03c3\u03c4\u03b7\u03bd \u03a0\u03bf\u03bb\u03c9\u03bd\u03af\u03b1<\/a><\/strong><\/span><\/p>\n<p><span style=\"text-decoration: underline\"><span style=\"color: #000000\"><strong>\u0395\u03c1\u03b3\u03b1\u03c3\u03af\u03b5\u03c2 \u03bc\u03b1\u03b8\u03b7\u03c4\u03ce\u03bd:<\/strong><\/span><\/span><\/p>\n<p><strong>\u03a4\u03bf \u03c3\u03c7\u03bf\u03bb\u03b5\u03af\u03bf \u03bc\u03b1\u03c2: <span style=\"color: #0000ff\"><a style=\"color: #0000ff\" href=\"https:\/\/blogs.e-me.edu.gr\/elkorakaki\/wp-content\/uploads\/sites\/335120\/2025\/01\/Model-Senior-Lyceum.pptx\">Model General Lyceum of Heraklion<\/a><\/span><\/strong><\/p>\n<p><strong>\u0397 \u03c0\u03cc\u03bb\u03b7 \u03bc\u03b1\u03c2: <span style=\"color: #0000ff\"><a style=\"color: #0000ff\" href=\"https:\/\/blogs.e-me.edu.gr\/elkorakaki\/wp-content\/uploads\/sites\/335120\/2025\/01\/Our-city-Heraklion-Greece.pptx\">Our city Heraklion, Greece<\/a><\/span><\/strong><\/p>\n<p><strong>\u03a0\u03c1\u03bf\u03c4\u03b5\u03b9\u03bd\u03cc\u03bc\u03b5\u03bd\u03b1 \u03bb\u03bf\u03b3\u03cc\u03c4\u03c5\u03c0\u03b1 \u03c0\u03c1\u03bf\u03b3\u03c1\u03ac\u03bc\u03bc\u03b1\u03c4\u03bf\u03c2:\u00a0<\/strong><\/p>\n<p><img loading=\"lazy\" decoding=\"async\" class=\"alignnone wp-image-326\" src=\"https:\/\/blogs.e-me.edu.gr\/elkorakaki\/wp-content\/uploads\/sites\/335120\/2025\/01\/IMG-20231005-WA0004-300x225.jpg\" alt=\"\" width=\"372\" height=\"279\" srcset=\"https:\/\/blogs.e-me.edu.gr\/elkorakaki\/wp-content\/uploads\/sites\/335120\/2025\/01\/IMG-20231005-WA0004-300x225.jpg 300w, https:\/\/blogs.e-me.edu.gr\/elkorakaki\/wp-content\/uploads\/sites\/335120\/2025\/01\/IMG-20231005-WA0004-1024x768.jpg 1024w, https:\/\/blogs.e-me.edu.gr\/elkorakaki\/wp-content\/uploads\/sites\/335120\/2025\/01\/IMG-20231005-WA0004-768x576.jpg 768w, https:\/\/blogs.e-me.edu.gr\/elkorakaki\/wp-content\/uploads\/sites\/335120\/2025\/01\/IMG-20231005-WA0004-1536x1152.jpg 1536w, https:\/\/blogs.e-me.edu.gr\/elkorakaki\/wp-content\/uploads\/sites\/335120\/2025\/01\/IMG-20231005-WA0004.jpg 1600w\" sizes=\"auto, (max-width: 372px) 100vw, 372px\" \/><\/td>\n<td style=\"width: 43.3666%;height: 29px\"><strong>\u0394\u03b5\u03bb\u03c4\u03af\u03bf \u03c4\u03cd\u03c0\u03bf\u03c5:\u00a0<\/strong><span style=\"color: #0000ff\"><a style=\"color: #0000ff\" href=\"https:\/\/europe.pdekritis.gr\/archives\/2701\"><strong>\u039c\u03b5\u03c4\u03b1\u03ba\u03af\u03bd\u03b7\u03c3\u03b7 \u03c3\u03c4\u03b7\u03bd \u0399\u03c4\u03b1\u03bb\u03af\u03b1<\/strong><\/a><\/span><\/p>\n<p><span style=\"text-decoration: underline\"><span style=\"color: #000000\"><strong>\u0395\u03c1\u03b3\u03b1\u03c3\u03af\u03b5\u03c2 \u03bc\u03b1\u03b8\u03b7\u03c4\u03ce\u03bd: <\/strong><\/span><\/span><\/p>\n<p><span style=\"text-decoration: underline\"><span style=\"color: #000000\"><strong><a href=\"https:\/\/blogs.e-me.edu.gr\/elkorakaki\/wp-content\/uploads\/sites\/335120\/2025\/01\/Heraklion-crete-greece.pptx\"><span style=\"color: #0000ff;text-decoration: underline\">Heraklion Crete Greece<\/span><\/a><\/strong><\/span><\/span><\/p>\n<p><img loading=\"lazy\" decoding=\"async\" class=\"alignnone wp-image-328\" src=\"https:\/\/blogs.e-me.edu.gr\/elkorakaki\/wp-content\/uploads\/sites\/335120\/2025\/01\/IMG-20231129-WA0006-300x225.jpg\" alt=\"\" width=\"383\" height=\"287\" srcset=\"https:\/\/blogs.e-me.edu.gr\/elkorakaki\/wp-content\/uploads\/sites\/335120\/2025\/01\/IMG-20231129-WA0006-300x225.jpg 300w, https:\/\/blogs.e-me.edu.gr\/elkorakaki\/wp-content\/uploads\/sites\/335120\/2025\/01\/IMG-20231129-WA0006-1024x768.jpg 1024w, https:\/\/blogs.e-me.edu.gr\/elkorakaki\/wp-content\/uploads\/sites\/335120\/2025\/01\/IMG-20231129-WA0006-768x576.jpg 768w, https:\/\/blogs.e-me.edu.gr\/elkorakaki\/wp-content\/uploads\/sites\/335120\/2025\/01\/IMG-20231129-WA0006-1536x1153.jpg 1536w, https:\/\/blogs.e-me.edu.gr\/elkorakaki\/wp-content\/uploads\/sites\/335120\/2025\/01\/IMG-20231129-WA0006.jpg 1599w\" sizes=\"auto, (max-width: 383px) 100vw, 383px\" \/><\/td>\n<\/tr>\n<tr style=\"height: 29px\">\n<td style=\"width: 56.6334%;height: 29px\"><strong>\u0394\u03b5\u03bb\u03c4\u03af\u03bf \u03c4\u03cd\u03c0\u03bf\u03c5:\u00a0<\/strong><span style=\"color: #0000ff\"><a style=\"color: #0000ff\" href=\"https:\/\/europe.pdekritis.gr\/archives\/2862\"><strong>\u039c\u03b5\u03c4\u03b1\u03ba\u03af\u03bd\u03b7\u03c3\u03b7 \u03c3\u03c4\u03b7\u03bd \u03a0\u03bf\u03c1\u03c4\u03bf\u03b3\u03b1\u03bb\u03af\u03b1<\/strong><\/a><\/span><\/p>\n<p><span style=\"text-decoration: underline\"><span style=\"color: #000000\"><strong>\u0395\u03c1\u03b3\u03b1\u03c3\u03af\u03b5\u03c2 \u03bc\u03b1\u03b8\u03b7\u03c4\u03ce\u03bd:<\/strong><\/span><\/span><\/p>\n<p><img loading=\"lazy\" decoding=\"async\" class=\" wp-image-330 aligncenter\" src=\"https:\/\/blogs.e-me.edu.gr\/elkorakaki\/wp-content\/uploads\/sites\/335120\/2025\/01\/IMG-20240228-WA0030-169x300.jpg\" alt=\"\" width=\"237\" height=\"421\" srcset=\"https:\/\/blogs.e-me.edu.gr\/elkorakaki\/wp-content\/uploads\/sites\/335120\/2025\/01\/IMG-20240228-WA0030-169x300.jpg 169w, https:\/\/blogs.e-me.edu.gr\/elkorakaki\/wp-content\/uploads\/sites\/335120\/2025\/01\/IMG-20240228-WA0030-576x1024.jpg 576w, https:\/\/blogs.e-me.edu.gr\/elkorakaki\/wp-content\/uploads\/sites\/335120\/2025\/01\/IMG-20240228-WA0030-768x1365.jpg 768w, https:\/\/blogs.e-me.edu.gr\/elkorakaki\/wp-content\/uploads\/sites\/335120\/2025\/01\/IMG-20240228-WA0030-864x1536.jpg 864w, https:\/\/blogs.e-me.edu.gr\/elkorakaki\/wp-content\/uploads\/sites\/335120\/2025\/01\/IMG-20240228-WA0030.jpg 1148w\" sizes=\"auto, (max-width: 237px) 100vw, 237px\" \/><\/td>\n<td style=\"width: 43.3666%;height: 29px\"><strong>\u0394\u03b5\u03bb\u03c4\u03af\u03bf \u03c4\u03cd\u03c0\u03bf\u03c5:\u00a0<\/strong><span style=\"color: #0000ff\"><strong>\u039c\u03b5\u03c4\u03b1\u03ba\u03af\u03bd\u03b7\u03c3\u03b7 \u03c3\u03c4\u03b7\u03bd \u039a\u03c1\u03bf\u03b1\u03c4\u03af\u03b1<\/strong><\/span><\/p>\n<p><span style=\"text-decoration: underline\"><span style=\"color: #000000\"><strong>\u0395\u03c1\u03b3\u03b1\u03c3\u03af\u03b5\u03c2 \u03bc\u03b1\u03b8\u03b7\u03c4\u03ce\u03bd:<\/strong><\/span><\/span><\/p>\n<p><strong>\u03a4\u03bf \u03c3\u03c7\u03bf\u03bb\u03b5\u03af\u03bf \u03bc\u03b1\u03c2: <span style=\"color: #0000ff\"><a style=\"color: #0000ff\" href=\"https:\/\/blogs.e-me.edu.gr\/elkorakaki\/wp-content\/uploads\/sites\/335120\/2025\/01\/Model-General-Lyceum-of-Heraklion-1.pptx\">Model General Lyceum of Heraklion <\/a><\/span><\/strong><\/p>\n<p><img loading=\"lazy\" decoding=\"async\" class=\"alignnone wp-image-332\" src=\"https:\/\/blogs.e-me.edu.gr\/elkorakaki\/wp-content\/uploads\/sites\/335120\/2025\/01\/\u03b5\u03b9\u03ba\u03cc\u03bd\u03b1_Viber_2025-01-10_09-59-58-646-300x200.jpg\" alt=\"\" width=\"392\" height=\"261\" srcset=\"https:\/\/blogs.e-me.edu.gr\/elkorakaki\/wp-content\/uploads\/sites\/335120\/2025\/01\/\u03b5\u03b9\u03ba\u03cc\u03bd\u03b1_Viber_2025-01-10_09-59-58-646-300x200.jpg 300w, https:\/\/blogs.e-me.edu.gr\/elkorakaki\/wp-content\/uploads\/sites\/335120\/2025\/01\/\u03b5\u03b9\u03ba\u03cc\u03bd\u03b1_Viber_2025-01-10_09-59-58-646-1024x684.jpg 1024w, https:\/\/blogs.e-me.edu.gr\/elkorakaki\/wp-content\/uploads\/sites\/335120\/2025\/01\/\u03b5\u03b9\u03ba\u03cc\u03bd\u03b1_Viber_2025-01-10_09-59-58-646-768x513.jpg 768w, https:\/\/blogs.e-me.edu.gr\/elkorakaki\/wp-content\/uploads\/sites\/335120\/2025\/01\/\u03b5\u03b9\u03ba\u03cc\u03bd\u03b1_Viber_2025-01-10_09-59-58-646-1536x1025.jpg 1536w, https:\/\/blogs.e-me.edu.gr\/elkorakaki\/wp-content\/uploads\/sites\/335120\/2025\/01\/\u03b5\u03b9\u03ba\u03cc\u03bd\u03b1_Viber_2025-01-10_09-59-58-646-1200x800.jpg 1200w, https:\/\/blogs.e-me.edu.gr\/elkorakaki\/wp-content\/uploads\/sites\/335120\/2025\/01\/\u03b5\u03b9\u03ba\u03cc\u03bd\u03b1_Viber_2025-01-10_09-59-58-646.jpg 1600w\" sizes=\"auto, (max-width: 392px) 100vw, 392px\" \/><\/p>\n<p>&nbsp;<\/p>\n<p>&nbsp;<\/p>\n<p>&nbsp;<\/p>\n<p>&nbsp;<\/td>\n<\/tr>\n<tr style=\"height: 29px\">\n<td style=\"width: 56.6334%;height: 29px\"><strong>\u0394\u03b5\u03bb\u03c4\u03af\u03bf \u03c4\u03cd\u03c0\u03bf\u03c5:\u00a0<\/strong><span style=\"color: #0000ff\"><a style=\"color: #0000ff\" href=\"https:\/\/europe.pdekritis.gr\/archives\/3073\"><strong>\u03a3\u03c5\u03bd\u03ac\u03bd\u03c4\u03b7\u03c3\u03b7 \u03c3\u03c4\u03b7\u03bd \u0395\u03bb\u03bb\u03ac\u03b4\u03b1<\/strong><\/a><\/span><\/p>\n<p><img loading=\"lazy\" decoding=\"async\" class=\"alignnone  wp-image-342\" src=\"https:\/\/blogs.e-me.edu.gr\/elkorakaki\/wp-content\/uploads\/sites\/335120\/2025\/01\/1000005167-300x225.jpg\" alt=\"\" width=\"393\" height=\"295\" srcset=\"https:\/\/blogs.e-me.edu.gr\/elkorakaki\/wp-content\/uploads\/sites\/335120\/2025\/01\/1000005167-300x225.jpg 300w, https:\/\/blogs.e-me.edu.gr\/elkorakaki\/wp-content\/uploads\/sites\/335120\/2025\/01\/1000005167-1024x769.jpg 1024w, https:\/\/blogs.e-me.edu.gr\/elkorakaki\/wp-content\/uploads\/sites\/335120\/2025\/01\/1000005167-768x577.jpg 768w, https:\/\/blogs.e-me.edu.gr\/elkorakaki\/wp-content\/uploads\/sites\/335120\/2025\/01\/1000005167.jpg 1156w\" sizes=\"auto, (max-width: 393px) 100vw, 393px\" \/><\/p>\n<p><img loading=\"lazy\" decoding=\"async\" class=\"alignnone wp-image-344\" src=\"https:\/\/blogs.e-me.edu.gr\/elkorakaki\/wp-content\/uploads\/sites\/335120\/2025\/01\/IMG-20240229-WA0027-300x169.jpg\" alt=\"\" width=\"392\" height=\"221\" srcset=\"https:\/\/blogs.e-me.edu.gr\/elkorakaki\/wp-content\/uploads\/sites\/335120\/2025\/01\/IMG-20240229-WA0027-300x169.jpg 300w, https:\/\/blogs.e-me.edu.gr\/elkorakaki\/wp-content\/uploads\/sites\/335120\/2025\/01\/IMG-20240229-WA0027-1024x576.jpg 1024w, https:\/\/blogs.e-me.edu.gr\/elkorakaki\/wp-content\/uploads\/sites\/335120\/2025\/01\/IMG-20240229-WA0027-768x432.jpg 768w, https:\/\/blogs.e-me.edu.gr\/elkorakaki\/wp-content\/uploads\/sites\/335120\/2025\/01\/IMG-20240229-WA0027-1536x864.jpg 1536w, https:\/\/blogs.e-me.edu.gr\/elkorakaki\/wp-content\/uploads\/sites\/335120\/2025\/01\/IMG-20240229-WA0027.jpg 2040w\" sizes=\"auto, (max-width: 392px) 100vw, 392px\" \/><\/p>\n<p>&nbsp;<\/td>\n<td style=\"width: 43.3666%;height: 29px\"><span style=\"color: #0000ff\"><strong>Online \u03a3\u03c5\u03bd\u03ac\u03bd\u03c4\u03b7\u03c3\u03b7 Erasmus Days 2024-2025<\/strong><\/span><\/p>\n<p>&nbsp;<\/td>\n<\/tr>\n<tr style=\"height: 29px\">\n<td style=\"width: 100%;height: 29px\" colspan=\"2\"><span style=\"color: #000000;font-size: 18pt\"><strong>\u03a5\u03bb\u03b9\u03ba\u03cc \u03c0\u03bf\u03c5 \u03b4\u03b7\u03bc\u03b9\u03bf\u03cd\u03c1\u03b3\u03b7\u03c3\u03b1\u03bd \u03bf\u03b9 \u03ba\u03b1\u03b8\u03b7\u03b3\u03b7\u03c4\u03ad\u03c2 \u03c4\u03bf\u03c5 \u03bf\u03c1\u03b3\u03b1\u03bd\u03b9\u03c3\u03bc\u03bf\u03cd \u03bc\u03b1\u03c2:<\/strong><\/span><\/td>\n<\/tr>\n<tr style=\"height: 77px\">\n<td style=\"width: 56.6334%;height: 77px\">\n<ul>\n<li><strong><a style=\"color: #007f72\" href=\"https:\/\/blogs.e-me.edu.gr\/elkorakaki\/wp-content\/uploads\/sites\/335120\/2024\/12\/Teaching-Plan-Science-and-Photography.pdf\"><span style=\"color: #0000ff\">Teaching Plan Science and Photography,\u00a0<\/span><\/a><span style=\"color: #000000\">\u0395. \u039a\u03bf\u03c1\u03b1\u03ba\u03ac\u03ba\u03b7<\/span>\u00a0<\/strong><\/li>\n<li><strong><span style=\"color: #0000ff\"><a style=\"color: #0000ff\" href=\"https:\/\/blogs.e-me.edu.gr\/elkorakaki\/wp-content\/uploads\/sites\/335120\/2024\/12\/Teaching-Plan-Environmental-Education-and-Photography-.pdf\">Teaching Plan Environmental Education and Photography, <\/a><\/span><span style=\"color: #0000ff\"><span style=\"color: #000000\">\u0395. \u039a\u03bf\u03c1\u03b1<\/span><\/span><span style=\"color: #000000\">\u03ba\u03ac\u03ba<\/span>\u03b7\u00a0<\/strong><\/li>\n<\/ul>\n<\/td>\n<td style=\"width: 43.3666%;height: 77px\">\n<ul>\n<li><strong><a style=\"color: #007f72\" href=\"https:\/\/blogs.e-me.edu.gr\/elkorakaki\/wp-content\/uploads\/sites\/335120\/2024\/12\/Teaching-Plan_Dynamic-Photos.pdf\"><span style=\"color: #0000ff\">Teaching Plan_Dynamic Photos,<\/span>\u00a0\u00a0<\/a><span style=\"color: #000000\">\u039c. \u03a6\u03b9\u03bf\u03bb\u03b9<\/span><\/strong><span style=\"color: #000000\"><strong>\u03c4\u03ac\u03ba\u03b7<\/strong><\/span><\/li>\n<li><strong><strong><a href=\"https:\/\/blogs.e-me.edu.gr\/elkorakaki\/wp-content\/uploads\/sites\/335120\/2024\/12\/Teaching-Plan_Poetry-and-Photography.pdf\"><span style=\"color: #0000ff\">Teaching Plan_Poetry and Photography,<\/span>\u00a0 \u00a0 \u00a0 \u00a0 \u00a0 \u00a0 \u00a0 \u00a0 \u00a0 \u00a0 \u00a0 \u00a0 \u00a0 \u00a0 \u00a0 \u00a0 \u00a0<\/a><\/strong><\/strong><span style=\"color: #000000\"><strong><strong>\u039c. \u03a6\u03b9\u03bf\u03bb\u03b9\u03c4\u03ac\u03ba\u03b7<\/strong><\/strong><\/span><\/li>\n<\/ul>\n<\/td>\n<\/tr>\n<tr style=\"height: 29px\">\n<td style=\"width: 56.6334%;height: 29px\"><span style=\"color: #000000\"><strong>\u00a0<\/strong><\/span><strong style=\"font-family: inherit;font-size: inherit\"><a style=\"color: #007f72\" href=\"https:\/\/blogs.e-me.edu.gr\/elkorakaki\/wp-content\/uploads\/sites\/335120\/2024\/12\/Teaching-Plan_Photography-in-History.pdf\"><span style=\"color: #0000ff\">Teaching Plan_Photography in History,\u00a0<\/span><\/a><span style=\"color: #000000\">\u039d. \u03a8\u03b1\u03c1\u03bf\u03bc\u03ae\u03bb\u03b9\u03b3\u03ba\u03bf\u03c2<\/span><\/strong><\/td>\n<td style=\"width: 43.3666%;height: 29px\">\n<ul>\n<li><strong>\u00a0<\/strong><strong><span style=\"color: #0000ff\"><a style=\"color: #0000ff\" href=\"https:\/\/blogs.e-me.edu.gr\/elkorakaki\/wp-content\/uploads\/sites\/335120\/2025\/01\/Lesson-plan-PE-and-Photograhy.pdf\">Lesson plan PE and Photograhy<\/a>,<\/span> <span style=\"color: #000000\">\u039d. \u03a4\u03b6\u03c9\u03c1\u03bc\u03c0\u03b1\u03c4\u03b6\u03ac\u03ba\u03b7\u03c2<\/span><\/strong><\/li>\n<\/ul>\n<\/td>\n<\/tr>\n<tr style=\"height: 29px\">\n<td style=\"width: 100%;height: 29px\" colspan=\"2\"><span style=\"color: #000000\"><strong>\u00a0<\/strong><\/span><strong style=\"color: #000000;font-size: 24px\">\u0394\u03b9\u03ac\u03c7\u03c5\u03c3\u03b7:\u00a0<\/strong><\/td>\n<\/tr>\n<tr style=\"height: 243px\">\n<td style=\"width: 56.6334%;height: 243px\"><span style=\"color: #0000ff\"><a style=\"color: #0000ff\" href=\"https:\/\/www.cretalive.gr\/kriti\/stin-poli-lotz-tis-polonias-protypo-geniko-lykeio-irakleioy\"><strong>\u039c\u03b5\u03c4\u03b1\u03ba\u03af\u03bd\u03b7\u03c3\u03b7 \u03a0\u03bf\u03bb\u03c9\u03bd\u03af\u03b1 1,\u00a0\u00a0<\/strong><\/a><\/span><strong><span style=\"color: #0000ff\"><a style=\"font-family: inherit;font-size: inherit;color: #0000ff\" href=\"https:\/\/www.candiadoc.gr\/tag\/%CF%80%CF%81%CF%8C%CF%84%CF%85%CF%80%CE%BF-%CE%B3%CE%B5%CE%BD%CE%B9%CE%BA%CF%8C-%CE%BB%CF%8D%CE%BA%CE%B5%CE%B9%CE%BF-%CE%B7%CF%81%CE%B1%CE%BA%CE%BB%CE%B5%CE%AF%CE%BF%CF%85-2\/\">\u03a0\u03bf\u03bb\u03c9\u03bd\u03af\u03b1 2\u00a0\u00a0<\/a><\/span><\/strong><\/p>\n<p><strong style=\"color: #0000ff\"><a style=\"color: #0000ff\" href=\"https:\/\/www.cretalive.gr\/kriti\/protypo-geniko-lykeio-irakleioy-stin-poli-foynsal-tis-portogalias\">\u039c\u03b5\u03c4\u03b1\u03ba\u03af\u03bd\u03b7\u03c3\u03b7 \u03a0\u03bf\u03c1\u03c4\u03bf\u03b3\u03b1\u03bb\u03af\u03b1<\/a><\/strong><\/p>\n<p>&nbsp;<\/p>\n<p>&nbsp;<\/td>\n<td style=\"width: 43.3666%;height: 243px\"><strong><a href=\"https:\/\/flashnews.gr\/post\/734087\/to-protypo-geniko-lykeio-irakleiou-stin-poli-katania-tis-italias\/\"><span style=\"color: #0000ff\">\u039c\u03b5\u03c4\u03b1\u03ba\u03af\u03bd\u03b7\u03c3\u03b7 \u0399\u03c4\u03b1\u03bb\u03af\u03b1<\/span><\/a><\/strong><\/p>\n<p><strong><a style=\"color: #007f72\" href=\"https:\/\/www.neakriti.gr\/kriti\/irakleio\/2087520_stin-kroatia-protypo-geniko-lykeio-irakleioy-5i-diethniki-synantisi-sto\"><span style=\"color: #0000ff\">\u039c\u03b5\u03c4\u03b1\u03ba\u03af\u03bd\u03b7\u03c3\u03b7 \u039a\u03c1\u03bf\u03b1\u03c4\u03af\u03b1<\/span><\/a><\/strong><\/p>\n<p>&nbsp;<\/p>\n<p>&nbsp;<\/td>\n<\/tr>\n<tr style=\"height: 29px\">\n<td style=\"width: 56.6334%;height: 29px\"><\/td>\n<td style=\"width: 43.3666%;height: 29px\"><\/td>\n<\/tr>\n<tr style=\"height: 29px\">\n<td style=\"width: 56.6334%;height: 29px\"><\/td>\n<td style=\"width: 43.3666%;height: 29px\"><\/td>\n<\/tr>\n<\/tbody>\n<\/table>\n<p>&nbsp;<\/p>\n","protected":false},"excerpt":{"rendered":"<p>\u03a4\u03bf \u03c0\u03c1\u03cc\u03b3\u03c1\u03b1\u03bc\u03bc\u03b1 \u03b1\u03c5\u03c4\u03cc \u03b5\u03af\u03c7\u03b5 \u03c9\u03c2 \u03b8\u03ad\u03bc\u03b1 \u03c4\u03b7 \u03c6\u03c9\u03c4\u03bf\u03b3\u03c1\u03b1\u03c6\u03af\u03b1 \u03ba\u03b1\u03b9 \u03c4\u03b7 \u03c7\u03c1\u03ae\u03c3\u03b7 \u03c4\u03b7\u03c2 \u03c9\u03c2 \u03b5\u03c1\u03b3\u03b1\u03bb\u03b5\u03af\u03bf \u03b3\u03b9\u03b1 \u03c4\u03b7 \u03b4\u03b9\u03b4\u03b1\u03c3\u03ba\u03b1\u03bb\u03af\u03b1 \u03cc\u03bb\u03c9\u03bd \u03c4\u03c9\u03bd \u03b4\u03b9\u03b4\u03b1\u03ba\u03c4\u03b9\u03ba\u03ce\u03bd \u03b1\u03bd\u03c4\u03b9\u03ba\u03b5\u03b9\u03bc\u03ad\u03bd\u03c9\u03bd. \u03a4\u03b1 \u03c3\u03c7\u03bf\u03bb\u03b5\u03af\u03b1 \u03c0\u03bf\u03c5 \u03c3\u03c5\u03bc\u03bc\u03b5\u03c4\u03b5\u03af\u03c7\u03b1\u03bd \u03c3\u03c4\u03bf \u03c0\u03c1\u03cc\u03b3\u03c1\u03b1\u03bc\u03bc\u03b1 \u03ae\u03c4\u03b1\u03bd : 1. VI High School. Joachim Lelewel,, \u03c3\u03c4\u03b7\u03bd \u0141\u00f3d\u017a, \u03a0\u03bf\u03bb\u03c9\u03bd\u03af\u03b1 &hellip; <\/p>\n<div class=\"more-link-wrapper\"><a href=\"https:\/\/blogs.e-me.edu.gr\/elkorakaki\/%ce%b5%cf%85%cf%81%cf%89%cf%80%ce%b1%cf%8a%ce%ba%cf%8c-%cf%80%cf%81%cf%8c%ce%b3%cf%81%ce%b1%ce%bc%ce%bc%ce%b1-erasmus-%ce%b4%cf%81%ce%ac%cf%83%ce%b7%cf%82-%ce%ba%ce%b12-%ce%bc%ce%b5-%ce%ba%cf%89\/\" class=\"more-link\">Continue reading<span class=\"screen-reader-text\"> &#8220;\u0395\u03c5\u03c1\u03c9\u03c0\u03b1\u03ca\u03ba\u03cc \u03a0\u03c1\u03cc\u03b3\u03c1\u03b1\u03bc\u03bc\u03b1 Erasmus +\/\u0394\u03c1\u03ac\u03c3\u03b7\u03c2 \u039a\u03912, \u03bc\u03b5 \u03ba\u03c9\u03b4\u03b9\u03ba\u03cc \u03b1\u03c1\u03b9\u03b8\u03bc\u03cc 2022-1-PL01-KA220-SCH-000085355 \u03ba\u03b1\u03b9 \u03c4\u03af\u03c4\u03bb\u03bf \u201cA DIFFERENT VIEW OF THE WORLD\u201d&#8221;<\/span><\/a><\/div>\n","protected":false},"author":31486,"featured_media":0,"parent":0,"menu_order":0,"comment_status":"closed","ping_status":"closed","template":"","meta":{"footnotes":""},"class_list":["post-281","page","type-page","status-publish","hentry"],"_links":{"self":[{"href":"https:\/\/blogs.e-me.edu.gr\/elkorakaki\/wp-json\/wp\/v2\/pages\/281","targetHints":{"allow":["GET"]}}],"collection":[{"href":"https:\/\/blogs.e-me.edu.gr\/elkorakaki\/wp-json\/wp\/v2\/pages"}],"about":[{"href":"https:\/\/blogs.e-me.edu.gr\/elkorakaki\/wp-json\/wp\/v2\/types\/page"}],"author":[{"embeddable":true,"href":"https:\/\/blogs.e-me.edu.gr\/elkorakaki\/wp-json\/wp\/v2\/users\/31486"}],"replies":[{"embeddable":true,"href":"https:\/\/blogs.e-me.edu.gr\/elkorakaki\/wp-json\/wp\/v2\/comments?post=281"}],"version-history":[{"count":0,"href":"https:\/\/blogs.e-me.edu.gr\/elkorakaki\/wp-json\/wp\/v2\/pages\/281\/revisions"}],"wp:attachment":[{"href":"https:\/\/blogs.e-me.edu.gr\/elkorakaki\/wp-json\/wp\/v2\/media?parent=281"}],"curies":[{"name":"wp","href":"https:\/\/api.w.org\/{rel}","templated":true}]}}