{"id":26,"date":"2020-05-07T11:31:49","date_gmt":"2020-05-07T08:31:49","guid":{"rendered":"https:\/\/blogs.e-me.edu.gr\/hive-10dimserstfran\/?page_id=26"},"modified":"2020-05-15T16:47:43","modified_gmt":"2020-05-15T13:47:43","slug":"les-monuments-de-paris","status":"publish","type":"page","link":"https:\/\/blogs.e-me.edu.gr\/hive-10dimserstfran\/les-monuments-de-paris\/","title":{"rendered":"Les monuments de Paris"},"content":{"rendered":"<h6 class=\"Article-line-title\"><\/h6>\n<p><iframe loading=\"lazy\" title=\"Les plus beaux monuments de PARIS (Louvre, Notre Dame, Conciergerie, Tour Eiffel, Arc de Triomphe)\" width=\"760\" height=\"428\" src=\"https:\/\/www.youtube.com\/embed\/FN8rqDkST-c?feature=oembed\" frameborder=\"0\" allow=\"accelerometer; autoplay; encrypted-media; gyroscope; picture-in-picture\" allowfullscreen><\/iframe><\/p>\n<p><strong><em> \u0391\u03c0\u03cc \u03c4\u03b7\u03bd \u03c0\u03b1\u03c1\u03b1\u03ba\u03ac\u03c4\u03c9 \u03bb\u03af\u03c3\u03c4\u03b1, \u03c0\u03b1\u03c4\u03ae\u03c3\u03c4\u03b5 \u03c0\u03ac\u03bd\u03c9 \u03c3\u03c4\u03bf \u03bc\u03bd\u03b7\u03bc\u03b5\u03af\u03bf \u03c0\u03bf\u03c5 \u03c3\u03b1\u03c2 \u03b5\u03bd\u03b4\u03b9\u03b1\u03c6\u03ad\u03c1\u03b5\u03b9 \u03b3\u03b9\u03b1 \u03bd\u03b1 \u03c0\u03b1\u03c1\u03b1\u03ba\u03bf\u03bb\u03bf\u03c5\u03b8\u03ae\u03c3\u03b5\u03c4\u03b5 \u03ad\u03bd\u03b1 \u03c3\u03c7\u03b5\u03c4\u03b9\u03ba\u03cc \u03b2\u03af\u03bd\u03c4\u03b5\u03bf<\/em><\/strong><\/p>\n<p><a href=\"https:\/\/www.youtube.com\/watch?v=IlzD2CJcVxs\"><span style=\"color: #ff0000\"><strong>1. Cath\u00e9drale Notre-Dame de Paris<\/strong><\/span><\/a><\/p>\n<p><a href=\"https:\/\/www.youtube.com\/watch?v=c-qWUi3kIlA\"><span style=\"color: #ff6600\"><strong>2. Tour Eiffel<\/strong><\/span><\/a><\/p>\n<p><a href=\"https:\/\/www.youtube.com\/watch?v=zp1BXPX8jcU\"><span style=\"color: #993366\"><strong>3. Mus\u00e9e du Louvre<\/strong><\/span><\/a><\/p>\n<p><a href=\"https:\/\/www.youtube.com\/watch?v=_kQtW4fr84A\"><span style=\"color: #00ff00\"><strong>4. Arc de Triomphe<\/strong><\/span><\/a><\/p>\n<p><a href=\"https:\/\/www.youtube.com\/watch?v=gcY6aZe1t20\"><span style=\"color: #3366ff\"><strong>5.<\/strong><\/span> <span style=\"color: #3366ff\"><strong>Basilique du Sacr\u00e9-C\u0153ur de Monmartre<\/strong><\/span><\/a><\/p>\n<p><a href=\"https:\/\/www.youtube.com\/watch?v=lsZ1O6tJKbc\"><span style=\"color: #cc99ff\"><strong>6. Jardin du Luxembourg<\/strong><\/span><\/a><\/p>\n<p><a href=\"https:\/\/www.youtube.com\/watch?v=bW0PV464mzg\"><span style=\"color: #993300\"><strong>7. Panth\u00e9on<\/strong><\/span><\/a><\/p>\n<p><a href=\"https:\/\/www.youtube.com\/watch?v=5fJDslITV34\"><span style=\"color: #ff0000\"><strong>8. Op\u00e9ra Garnier<\/strong><\/span><\/a><\/p>\n<p><a href=\"https:\/\/www.youtube.com\/watch?v=ZG4QXWPdaVw\"><span style=\"color: #33cccc\"><strong>9. Bois de Vincennes<\/strong><\/span><\/a><\/p>\n<p><a href=\"https:\/\/www.youtube.com\/watch?v=Op-3dStGqu0\"><span style=\"color: #666699\"><strong>10. Centre Pompidou<\/strong><\/span><\/a><\/p>\n<p><a href=\"https:\/\/www.youtube.com\/watch?v=JGidtetivl8\"><strong><span style=\"color: #cc99ff\">11. Ch\u00e2teau de Fontainebleau\u00a0<\/span><\/strong><\/a><\/p>\n","protected":false},"excerpt":{"rendered":"<p>\u0391\u03c0\u03cc \u03c4\u03b7\u03bd \u03c0\u03b1\u03c1\u03b1\u03ba\u03ac\u03c4\u03c9 \u03bb\u03af\u03c3\u03c4\u03b1, \u03c0\u03b1\u03c4\u03ae\u03c3\u03c4\u03b5 \u03c0\u03ac\u03bd\u03c9 \u03c3\u03c4\u03bf \u03bc\u03bd\u03b7\u03bc\u03b5\u03af\u03bf \u03c0\u03bf\u03c5 \u03c3\u03b1\u03c2 \u03b5\u03bd\u03b4\u03b9\u03b1\u03c6\u03ad\u03c1\u03b5\u03b9 \u03b3\u03b9\u03b1 \u03bd\u03b1 \u03c0\u03b1\u03c1\u03b1\u03ba\u03bf\u03bb\u03bf\u03c5\u03b8\u03ae\u03c3\u03b5\u03c4\u03b5 \u03ad\u03bd\u03b1 \u03c3\u03c7\u03b5\u03c4\u03b9\u03ba\u03cc \u03b2\u03af\u03bd\u03c4\u03b5\u03bf 1. Cath\u00e9drale Notre-Dame de Paris 2. Tour Eiffel 3. Mus\u00e9e du Louvre 4. Arc de Triomphe 5. Basilique du Sacr\u00e9-C\u0153ur de &hellip; <\/p>\n<div class=\"more-link-wrapper\"><a href=\"https:\/\/blogs.e-me.edu.gr\/hive-10dimserstfran\/les-monuments-de-paris\/\" class=\"more-link\">Continue reading<span class=\"screen-reader-text\"> &#8220;Les monuments de Paris&#8221;<\/span><\/a><\/div>\n","protected":false},"author":57283,"featured_media":0,"parent":0,"menu_order":0,"comment_status":"closed","ping_status":"closed","template":"","meta":{"footnotes":""},"class_list":["post-26","page","type-page","status-publish","hentry"],"_links":{"self":[{"href":"https:\/\/blogs.e-me.edu.gr\/hive-10dimserstfran\/wp-json\/wp\/v2\/pages\/26","targetHints":{"allow":["GET"]}}],"collection":[{"href":"https:\/\/blogs.e-me.edu.gr\/hive-10dimserstfran\/wp-json\/wp\/v2\/pages"}],"about":[{"href":"https:\/\/blogs.e-me.edu.gr\/hive-10dimserstfran\/wp-json\/wp\/v2\/types\/page"}],"author":[{"embeddable":true,"href":"https:\/\/blogs.e-me.edu.gr\/hive-10dimserstfran\/wp-json\/wp\/v2\/users\/57283"}],"replies":[{"embeddable":true,"href":"https:\/\/blogs.e-me.edu.gr\/hive-10dimserstfran\/wp-json\/wp\/v2\/comments?post=26"}],"version-history":[{"count":0,"href":"https:\/\/blogs.e-me.edu.gr\/hive-10dimserstfran\/wp-json\/wp\/v2\/pages\/26\/revisions"}],"wp:attachment":[{"href":"https:\/\/blogs.e-me.edu.gr\/hive-10dimserstfran\/wp-json\/wp\/v2\/media?parent=26"}],"curies":[{"name":"wp","href":"https:\/\/api.w.org\/{rel}","templated":true}]}}