{"id":22,"date":"2020-05-07T11:27:29","date_gmt":"2020-05-07T08:27:29","guid":{"rendered":"https:\/\/blogs.e-me.edu.gr\/hive-11-dim-serres-fran\/?page_id=22"},"modified":"2020-05-13T16:25:15","modified_gmt":"2020-05-13T13:25:15","slug":"les-monuments-de-paris","status":"publish","type":"page","link":"https:\/\/blogs.e-me.edu.gr\/hive-11-dim-serres-fran\/les-monuments-de-paris\/","title":{"rendered":"Les monuments de Paris"},"content":{"rendered":"<p><iframe loading=\"lazy\" title=\"Les plus beaux monuments de PARIS (Louvre, Notre Dame, Conciergerie, Tour Eiffel, Arc de Triomphe)\" width=\"760\" height=\"428\" src=\"https:\/\/www.youtube.com\/embed\/FN8rqDkST-c?feature=oembed\" frameborder=\"0\" allow=\"accelerometer; autoplay; encrypted-media; gyroscope; picture-in-picture\" allowfullscreen><\/iframe><\/p>\n<p><span style=\"color: #ff0000\"><strong>1. Cath\u00e9drale Notre-Dame de Paris<\/strong><\/span><\/p>\n<p><span style=\"color: #ff6600\"><strong>2. Tour Eiffel<\/strong><\/span><\/p>\n<p><span style=\"color: #993366\"><strong>3. Mus\u00e9e du Louvre<\/strong><\/span><\/p>\n<p><span style=\"color: #00ff00\"><strong>4. Arc de Triomphe<\/strong><\/span><\/p>\n<p><span style=\"color: #3366ff\"><strong>5.<\/strong><\/span> <span style=\"color: #3366ff\"><strong>Basilique du Sacr\u00e9-C\u0153ur de Monmartre<\/strong><\/span><\/p>\n<p><span style=\"color: #cc99ff\"><strong>6. Jardin du Luxembourg<\/strong><\/span><\/p>\n<p><span style=\"color: #993300\"><strong>7. Panth\u00e9on<\/strong><\/span><\/p>\n<p><span style=\"color: #ff0000\"><strong>8. Op\u00e9ra Garnier<\/strong><\/span><\/p>\n<p><span style=\"color: #33cccc\"><strong>9. Bois de Vincennes<\/strong><\/span><\/p>\n<p><span style=\"color: #666699\"><strong>10. Centre Pompidou<\/strong><\/span><\/p>\n<p><span style=\"color: #ff00ff\"><strong>11. Disneyland\u00a0<\/strong><\/span><\/p>\n","protected":false},"excerpt":{"rendered":"<p>1. Cath\u00e9drale Notre-Dame de Paris 2. Tour Eiffel 3. Mus\u00e9e du Louvre 4. Arc de Triomphe 5. Basilique du Sacr\u00e9-C\u0153ur de Monmartre 6. Jardin du Luxembourg 7. Panth\u00e9on 8. Op\u00e9ra Garnier 9. Bois de Vincennes 10. Centre Pompidou &hellip; <\/p>\n<div class=\"more-link-wrapper\"><a href=\"https:\/\/blogs.e-me.edu.gr\/hive-11-dim-serres-fran\/les-monuments-de-paris\/\" class=\"more-link\">Continue reading<span class=\"screen-reader-text\"> &#8220;Les monuments de Paris&#8221;<\/span><\/a><\/div>\n","protected":false},"author":57283,"featured_media":0,"parent":0,"menu_order":0,"comment_status":"closed","ping_status":"closed","template":"","meta":{"footnotes":""},"class_list":["post-22","page","type-page","status-publish","hentry"],"_links":{"self":[{"href":"https:\/\/blogs.e-me.edu.gr\/hive-11-dim-serres-fran\/wp-json\/wp\/v2\/pages\/22","targetHints":{"allow":["GET"]}}],"collection":[{"href":"https:\/\/blogs.e-me.edu.gr\/hive-11-dim-serres-fran\/wp-json\/wp\/v2\/pages"}],"about":[{"href":"https:\/\/blogs.e-me.edu.gr\/hive-11-dim-serres-fran\/wp-json\/wp\/v2\/types\/page"}],"author":[{"embeddable":true,"href":"https:\/\/blogs.e-me.edu.gr\/hive-11-dim-serres-fran\/wp-json\/wp\/v2\/users\/57283"}],"replies":[{"embeddable":true,"href":"https:\/\/blogs.e-me.edu.gr\/hive-11-dim-serres-fran\/wp-json\/wp\/v2\/comments?post=22"}],"version-history":[{"count":0,"href":"https:\/\/blogs.e-me.edu.gr\/hive-11-dim-serres-fran\/wp-json\/wp\/v2\/pages\/22\/revisions"}],"wp:attachment":[{"href":"https:\/\/blogs.e-me.edu.gr\/hive-11-dim-serres-fran\/wp-json\/wp\/v2\/media?parent=22"}],"curies":[{"name":"wp","href":"https:\/\/api.w.org\/{rel}","templated":true}]}}