{"id":657,"date":"2022-05-24T18:34:04","date_gmt":"2022-05-24T15:34:04","guid":{"rendered":"https:\/\/blogs.e-me.edu.gr\/hive-oi-peiramatistes\/?page_id=657"},"modified":"2022-06-15T14:29:53","modified_gmt":"2022-06-15T11:29:53","slug":"etwinning-welcome-to-my-town","status":"publish","type":"page","link":"https:\/\/blogs.e-me.edu.gr\/hive-oi-peiramatistes\/etwinning-welcome-to-my-town\/","title":{"rendered":"eTwinning &#8220;Welcome to my town&#8221;"},"content":{"rendered":"<header class=\"entry-header\" data-uw-styling-context=\"true\">\n<h1 class=\"entry-title\" data-uw-styling-context=\"true\">eTwinning<\/h1>\n<\/header>\n<div class=\"entry-content clearfix\" data-uw-styling-context=\"true\">\n<p data-uw-styling-context=\"true\">\u03a6\u03ad\u03c4\u03bf\u03c2 \u03ad\u03c7\u03bf\u03c5\u03bc\u03b5 \u03c4\u03b7 \u03c7\u03b1\u03c1\u03ac \u03bd\u03b1 \u03c3\u03c5\u03bc\u03bc\u03b5\u03c4\u03ad\u03c7\u03bf\u03c5\u03bc\u03b5 \u03c3\u03c4\u03bf \u03b5\u03c5\u03c1\u03c9\u03c0\u03b1\u03ca\u03ba\u03cc \u03c0\u03c1\u03cc\u03b3\u03c1\u03b1\u03bc\u03bc\u03b1 eTwinning.\u00a0 \u03a4\u03bf project \u03bc\u03b1\u03c2 \u03bf\u03bd\u03bf\u03bc\u03ac\u03b6\u03b5\u03c4\u03b1\u03b9\u00a0\u00a0<span data-uw-styling-context=\"true\"><strong data-uw-styling-context=\"true\">\"<\/strong><\/span><span data-uw-styling-context=\"true\"><strong data-uw-styling-context=\"true\">Welcome to my town\"\u00a0<\/strong><\/span>\u03ba\u03b1\u03b9 \u03bc\u03c0\u03bf\u03c1\u03b5\u03af\u03c4\u03b5 \u03bd\u03b1 \u03b4\u03b5\u03af\u03c4\u03b5 \u03c4\u03b1 \u03ad\u03c1\u03b3\u03b1 \u03bc\u03b1\u03c2 \u03c0\u03b1\u03c4\u03ce\u03bd\u03c4\u03b1\u03c2 \u03c3\u03c4\u03bf\u03bd \u03c0\u03b1\u03c1\u03b1\u03ba\u03ac\u03c4\u03c9 \u03c3\u03cd\u03bd\u03b4\u03b5\u03c3\u03bc\u03bf:<\/p>\n<p data-uw-styling-context=\"true\"><a href=\"https:\/\/twinspace.etwinning.net\/199823\" target=\"_blank\" rel=\"noopener\" data-uw-styling-context=\"true\">https:\/\/twinspace.etwinning.net\/199823<\/a><\/p>\n<p data-uw-styling-context=\"true\">\u039b\u03af\u03b3\u03b1 \u03bb\u03cc\u03b3\u03b9\u03b1 \u03b3\u03b9\u03b1 \u03c4\u03bf \u03ad\u03c1\u03b3\u03bf<\/p>\n<p data-uw-styling-context=\"true\">\u039c\u03ad\u03c3\u03b1 \u03b1\u03c0\u03cc \u03c4\u03bf \u03c3\u03c5\u03b3\u03ba\u03b5\u03ba\u03c1\u03b9\u03bc\u03ad\u03bd\u03bf \u03ad\u03c1\u03b3\u03bf \u03bf\u03b9 \u03c3\u03c5\u03bc\u03bc\u03b5\u03c4\u03ad\u03c7\u03bf\u03bd\u03c4\u03b5\u03c2, \u03b5\u03ba\u03c0\u03b1\u03b9\u03b4\u03b5\u03c5\u03c4\u03b9\u03ba\u03bf\u03af \u03ba\u03b1\u03b9 \u03bc\u03b1\u03b8\u03b7\u03c4\u03ad\u03c2 \u03b8\u03b1 \u03b3\u03bd\u03c9\u03c1\u03af\u03c3\u03bf\u03c5\u03bd \u03bd\u03ad\u03bf\u03c5\u03c2 \u03c0\u03bf\u03bb\u03b9\u03c4\u03b9\u03c3\u03bc\u03bf\u03cd\u03c2 \u03ba\u03b1\u03b9 \u03b8\u03b1 \u03c0\u03bb\u03b7\u03c1\u03bf\u03c6\u03bf\u03c1\u03b7\u03b8\u03bf\u03cd\u03bd \u03b3\u03b9\u03b1 \u03c4\u03b9\u03c2 \u03c3\u03c5\u03bd\u03b8\u03ae\u03ba\u03b5\u03c2 \u03b6\u03c9\u03ae\u03c2 \u03ac\u03bb\u03bb\u03c9\u03bd \u03c0\u03b5\u03c1\u03b9\u03bf\u03c7\u03ce\u03bd. \u03a6\u03c5\u03c3\u03b9\u03ba\u03ac \u03b8\u03b1 \u03b1\u03bd\u03b1\u03b4\u03b5\u03af\u03be\u03bf\u03c5\u03bc\u03b5 \u03c4\u03b7\u03bd \u03c4\u03bf\u03c0\u03b9\u03ba\u03ae \u03bc\u03b1\u03c2 \u03c0\u03bf\u03bb\u03b9\u03c4\u03b9\u03c3\u03c4\u03b9\u03ba\u03ae \u03ba\u03bb\u03b7\u03c1\u03bf\u03bd\u03bf\u03bc\u03b9\u03ac \u03ba\u03b1\u03b9 \u03bc\u03ad\u03c3\u03b1 \u03b1\u03c0\u03cc \u03cc\u03bb\u03b7 \u03b1\u03c5\u03c4\u03ae \u03c4\u03b7 \u03c3\u03c5\u03bd\u03b5\u03c7\u03ae \u03b1\u03bd\u03c4\u03b1\u03bb\u03bb\u03b1\u03b3\u03ae \u03ba\u03b1\u03b9 \u03b4\u03b9\u03ac\u03b4\u03c1\u03b1\u03c3\u03b7 \u03b8\u03b1 \u03b5\u03c0\u03b9\u03c4\u03cd\u03c7\u03bf\u03c5\u03bc\u03b5 \u03b1\u03b2\u03af\u03b1\u03c3\u03c4\u03b1 \u03c4\u03b7\u03bd \u03b1\u03bd\u03ac\u03c0\u03c4\u03c5\u03be\u03b7 \u03b1\u03be\u03b9\u03ce\u03bd \u03c0\u03bf\u03c5 \u03b8\u03b1 \u03c0\u03c1\u03ad\u03c0\u03b5\u03b9 \u03bd\u03b1 \u03c0\u03c1\u03b5\u03c3\u03b2\u03b5\u03cd\u03bf\u03c5\u03bd \u03bf\u03b9 \u03c0\u03bf\u03bb\u03af\u03c4\u03b5\u03c2 \u03c4\u03bf\u03c5 \u03ba\u03cc\u03c3\u03bc\u03bf\u03c5, \u03b1\u03c5\u03c4\u03ad\u03c2 \u03c4\u03bf\u03c5 \u03c3\u03b5\u03b2\u03b1\u03c3\u03bc\u03bf\u03cd \u03ba\u03b1\u03b9 \u03c4\u03b7\u03c2 \u03c0\u03bf\u03bb\u03b9\u03c4\u03b5\u03b9\u03cc\u03c4\u03b7\u03c4\u03b1\u03c2.<\/p>\n<p data-uw-styling-context=\"true\">\u03a4\u03b1 \u03c3\u03c7\u03bf\u03bb\u03b5\u03af\u03b1 \u03c0\u03bf\u03c5 \u03c3\u03c5\u03bc\u03bc\u03b5\u03c4\u03ad\u03c7\u03bf\u03c5\u03bd \u03b5\u03af\u03bd\u03b1\u03b9 \u03c4\u03b1 \u03b5\u03be\u03ae\u03c2:<\/p>\n<ul class=\"page-list\" data-uw-styling-context=\"true\">\n<li style=\"list-style-type: none\" data-id=\"1785968\" data-uw-styling-context=\"true\">\n<ul class=\"subpage-list\" data-uw-styling-context=\"true\">\n<li data-id=\"1800731\" data-uw-styling-context=\"true\"><a href=\"https:\/\/twinspace.etwinning.net\/199823\/pages\/page\/1800731\" target=\"_blank\" rel=\"noopener\" data-uw-styling-context=\"true\">Plunge academic Adolfas Jucys progymnasium, Lithuania<\/a><\/li>\n<li data-id=\"1800735\" data-uw-styling-context=\"true\"><a href=\"https:\/\/twinspace.etwinning.net\/199823\/pages\/page\/1800735\" target=\"_blank\" rel=\"noopener\" data-uw-styling-context=\"true\">Experimental Primary School of Serres, Greece<\/a><\/li>\n<li data-id=\"1800743\" data-uw-styling-context=\"true\"><a href=\"https:\/\/twinspace.etwinning.net\/199823\/pages\/page\/1800743\" target=\"_blank\" rel=\"noopener\" data-uw-styling-context=\"true\">Gymn\u00e1zium, Ostrava-Hrab\u016fvka, Czech Republic<\/a><\/li>\n<li data-id=\"1800744\" data-uw-styling-context=\"true\"><a href=\"https:\/\/twinspace.etwinning.net\/199823\/pages\/page\/1800744\" target=\"_blank\" rel=\"noopener\" data-uw-styling-context=\"true\">Institut de la Providence, Champion, Belgium<\/a><\/li>\n<li data-id=\"1800746\" data-uw-styling-context=\"true\"><a href=\"https:\/\/twinspace.etwinning.net\/199823\/pages\/page\/1800746\" target=\"_blank\" rel=\"noopener\" data-uw-styling-context=\"true\">\u00c7atalar\u0131k Ortaokulu, Fethiye, Turkey<\/a><\/li>\n<li data-id=\"1800748\" data-uw-styling-context=\"true\"><a href=\"https:\/\/twinspace.etwinning.net\/199823\/pages\/page\/1800748\" target=\"_blank\" rel=\"noopener\" data-uw-styling-context=\"true\">ICS \"A. Bagnolini\" di Villadossola, Italy<\/a><\/li>\n<li data-id=\"1800751\" data-uw-styling-context=\"true\"><a href=\"https:\/\/twinspace.etwinning.net\/199823\/pages\/page\/1800751\" target=\"_blank\" rel=\"noopener\" data-uw-styling-context=\"true\">IES Comunidad de Daroca, Spain<\/a><\/li>\n<li data-id=\"1800755\" data-uw-styling-context=\"true\"><a href=\"https:\/\/twinspace.etwinning.net\/199823\/pages\/page\/1800755\" target=\"_blank\" rel=\"noopener\" data-uw-styling-context=\"true\">\u00d6zlem Y\u00f6r\u00fckprofile pictureKoruda\u011f \u0130mam Hatip Ortaokulu, \u00c7ermik, Turkey<\/a><\/li>\n<li data-id=\"1815057\" data-uw-styling-context=\"true\"><a href=\"https:\/\/twinspace.etwinning.net\/199823\/pages\/page\/1815057\" target=\"_blank\" rel=\"noopener\" data-uw-styling-context=\"true\">Escola B\u00e1sica Frei Jo\u00e3o de Vila do Conde, Portugal<\/a><\/li>\n<li data-id=\"1828858\" data-uw-styling-context=\"true\"><a href=\"https:\/\/twinspace.etwinning.net\/199823\/pages\/page\/1828858\" target=\"_blank\" rel=\"noopener\" data-uw-styling-context=\"true\">Gymnasium Ag.Ioannou Chrysostomou, Nicosia, Cyprus<\/a><\/li>\n<\/ul>\n<\/li>\n<\/ul>\n<p>.<img decoding=\"async\" class=\"aligncenter\" src=\"https:\/\/twinspace.etwinning.net\/files\/collabspace\/3\/23\/823\/199823\/images\/b77d8ff52_opt.jpg\" \/><\/p>\n<ul>\n<li><strong><u>welcome to our school!!<\/u><\/strong><\/li>\n<\/ul>\n<ul>\n<li><u><strong>Meeting with students from Lithuania<\/strong><\/u><\/li>\n<\/ul>\n<p><img decoding=\"async\" src=\"https:\/\/twinspace.etwinning.net\/files\/collabspace\/3\/23\/823\/199823\/images\/b89c23684_opt.jpg\" \/><\/p>\n<p><img decoding=\"async\" src=\"https:\/\/twinspace.etwinning.net\/files\/collabspace\/3\/23\/823\/199823\/images\/ba8ce1284_opt.jpg\" \/><img decoding=\"async\" src=\"https:\/\/twinspace.etwinning.net\/files\/collabspace\/3\/23\/823\/199823\/images\/bbb8bfb04_opt.jpg\" \/><img decoding=\"async\" src=\"https:\/\/twinspace.etwinning.net\/files\/collabspace\/3\/23\/823\/199823\/images\/b9b6d7784_opt.jpg\" \/><img decoding=\"async\" src=\"https:\/\/twinspace.etwinning.net\/files\/collabspace\/3\/23\/823\/199823\/images\/b69a3b304_opt.jpg\" \/><img decoding=\"async\" src=\"https:\/\/twinspace.etwinning.net\/files\/collabspace\/3\/23\/823\/199823\/images\/b9ae423c4_opt.jpg\" \/><img decoding=\"async\" src=\"https:\/\/twinspace.etwinning.net\/files\/collabspace\/3\/23\/823\/199823\/images\/b590b1d84_opt.jpg\" \/><\/p>\n<ul>\n<li><u><strong>Common Map<\/strong><\/u><\/li>\n<\/ul>\n<p>Our world is great and we are part of this world... all of us...great cities...of a great world<\/p>\n<div class=\"entry-content clearfix\" data-uw-styling-context=\"true\">\n<figure id=\"attachment_751\" aria-describedby=\"caption-attachment-751\" style=\"width: 300px\" class=\"wp-caption aligncenter\"><a href=\"https:\/\/www.pictramap.com\/app\/view?p=5d6f49\" target=\"_blank\" rel=\"noopener\"><img loading=\"lazy\" decoding=\"async\" class=\"wp-image-751 size-medium\" src=\"https:\/\/blogs.e-me.edu.gr\/hive-oi-peiramatistes\/wp-content\/uploads\/sites\/319861\/2022\/05\/\u03a7\u03c9\u03c1\u03af\u03c2-\u03c4\u03af\u03c4\u03bb\u03bf-2-300x204.png\" alt=\"\" width=\"300\" height=\"204\" \/><\/a><figcaption id=\"caption-attachment-751\" class=\"wp-caption-text\">\u03c0\u03b1\u03c4\u03ae\u03c3\u03c4\u03b5 \u03c3\u03c4\u03b7 \u03b5\u03b9\u03ba\u03cc\u03bd\u03b1<\/figcaption><\/figure>\n<\/div>\n<ul>\n<li><u><strong>Let's vote our logo<\/strong><\/u><\/li>\n<\/ul>\n<p><a href=\"https:\/\/docs.google.com\/forms\/d\/e\/1FAIpQLSduintBgG1N6HxcSBIEqaAb8_3NGvij2aOachHAK-FCL2jpOA\/viewform\">https:\/\/docs.google.com\/forms\/d\/e\/1FAIpQLSduintBgG1N6HxcSBIEqaAb8_3NGvij2aOachHAK-FCL2jpOA\/viewform<\/a><\/p>\n<p>Which logos are ours!!! It doesn't matter!! We are a team, after all!<\/p>\n<ul>\n<li><u><strong>What if a statue had a voice<\/strong><\/u><\/li>\n<\/ul>\n<p>comics, e-books, collaboration and... Voil\u00e0!!!<\/p>\n<p><a href=\"https:\/\/www.storyjumper.com\/book\/read\/126899192\">https:\/\/www.storyjumper.com\/book\/read\/126899192<\/a><\/p>\n<div style=\"width: 480px;max-width: 100%\"><a class=\"storyjumper-book\" style=\"text-decoration: none\" href=\"\/\/www.storyjumper.com\/book\/showframe\/126899192\/Emmanuel-Pappas\" target=\"_blank\" rel=\"nofollow noopener\"><img loading=\"lazy\" decoding=\"async\" class=\"alignnone\" style=\"border: none;width: 480px;max-width: 100%\" src=\"\/\/www.storyjumper.com\/book\/coverImage\/126899192\/Emmanuel-Pappas\/480\" alt=\"Book titled 'Emmanuel Pappas'\" width=\"510\" height=\"398\" \/><\/a><a style=\"text-align: center;margin: 0 auto 20px;font-size: 12px;text-decoration: none\" href=\"\/\/www.storyjumper.com\/book\/read\/126899192\/Emmanuel-Pappas\">Read this book made on StoryJumper<\/a><\/div>\n<ul>\n<li><span style=\"color: #c0392b;font-family: Comic Sans MS, cursive\"><b><u>Sending letters and gifts<\/u><\/b><\/span><\/li>\n<\/ul>\n<p><b>One of our happiest moments was this activity. Joy all over, a chance to communicate, a chance to feel close to others again, a chance for new frendship<\/b><\/p>\n<p><img decoding=\"async\" src=\"https:\/\/twinspace.etwinning.net\/files\/collabspace\/3\/23\/823\/199823\/images\/c2b227cab_opt.jpg\" \/><\/p>\n<h1><span style=\"font-size: 24pt\"><strong style=\"color: #993366\" data-uw-styling-context=\"true\">We got ...letters!!!<\/strong><\/span><\/h1>\n<article id=\"post-657\" data-uw-styling-context=\"true\">\n<ul data-uw-styling-context=\"true\">\n<li data-uw-styling-context=\"true\"><span style=\"color: #00ffff\"><strong><span style=\"font-size: 24pt\">Plunge, Lithuania<\/span><\/strong><\/span><\/li>\n<\/ul>\n<p data-uw-styling-context=\"true\"><img loading=\"lazy\" decoding=\"async\" src=\"https:\/\/blogs.e-me.edu.gr\/hive-oi-peiramatistes\/wp-content\/uploads\/sites\/319861\/2022\/05\/IMG_20220509_123943-300x225.jpg\" alt=\"\" width=\"300\" height=\"225\" data-uw-styling-context=\"true\" \/>\u00a0<img loading=\"lazy\" decoding=\"async\" src=\"https:\/\/blogs.e-me.edu.gr\/hive-oi-peiramatistes\/wp-content\/uploads\/sites\/319861\/2022\/05\/IMG_20220509_124119-300x225.jpg\" alt=\"\" width=\"300\" height=\"225\" data-uw-styling-context=\"true\" \/>\u00a0<img loading=\"lazy\" decoding=\"async\" src=\"https:\/\/blogs.e-me.edu.gr\/hive-oi-peiramatistes\/wp-content\/uploads\/sites\/319861\/2022\/05\/IMG_20220509_124159-300x225.jpg\" alt=\"\" width=\"300\" height=\"225\" data-uw-styling-context=\"true\" \/>\u00a0<img loading=\"lazy\" decoding=\"async\" src=\"https:\/\/blogs.e-me.edu.gr\/hive-oi-peiramatistes\/wp-content\/uploads\/sites\/319861\/2022\/05\/IMG_20220509_124214-300x225.jpg\" alt=\"\" width=\"300\" height=\"225\" data-uw-styling-context=\"true\" \/>\u00a0<img loading=\"lazy\" decoding=\"async\" src=\"https:\/\/blogs.e-me.edu.gr\/hive-oi-peiramatistes\/wp-content\/uploads\/sites\/319861\/2022\/05\/IMG_20220509_124443-300x225.jpg\" alt=\"\" width=\"300\" height=\"225\" data-uw-styling-context=\"true\" \/>\u00a0<img loading=\"lazy\" decoding=\"async\" src=\"https:\/\/blogs.e-me.edu.gr\/hive-oi-peiramatistes\/wp-content\/uploads\/sites\/319861\/2022\/05\/IMG_20220509_124557-300x225.jpg\" alt=\"\" width=\"300\" height=\"225\" data-uw-styling-context=\"true\" \/><\/p>\n<ul data-uw-styling-context=\"true\">\n<li data-uw-styling-context=\"true\"><span style=\"font-size: 24pt;color: #ff0000\"><strong>Daroca, Spain<\/strong><\/span><\/li>\n<\/ul>\n<p data-uw-styling-context=\"true\"><img loading=\"lazy\" decoding=\"async\" src=\"https:\/\/blogs.e-me.edu.gr\/hive-oi-peiramatistes\/wp-content\/uploads\/sites\/319861\/2022\/05\/IMG_20220510_080850-1-300x225.jpg\" alt=\"\" width=\"300\" height=\"225\" data-uw-styling-context=\"true\" \/>\u00a0<img loading=\"lazy\" decoding=\"async\" src=\"https:\/\/blogs.e-me.edu.gr\/hive-oi-peiramatistes\/wp-content\/uploads\/sites\/319861\/2022\/05\/IMG_20220510_080924-300x225.jpg\" alt=\"\" width=\"300\" height=\"225\" data-uw-styling-context=\"true\" \/>\u00a0<img loading=\"lazy\" decoding=\"async\" src=\"https:\/\/blogs.e-me.edu.gr\/hive-oi-peiramatistes\/wp-content\/uploads\/sites\/319861\/2022\/05\/IMG_20220510_080943-1-300x225.jpg\" alt=\"\" width=\"300\" height=\"225\" data-uw-styling-context=\"true\" \/>\u00a0<img loading=\"lazy\" decoding=\"async\" src=\"https:\/\/blogs.e-me.edu.gr\/hive-oi-peiramatistes\/wp-content\/uploads\/sites\/319861\/2022\/05\/IMG_20220510_081043-1-300x225.jpg\" alt=\"\" width=\"300\" height=\"225\" data-uw-styling-context=\"true\" \/>\u00a0<img loading=\"lazy\" decoding=\"async\" src=\"https:\/\/blogs.e-me.edu.gr\/hive-oi-peiramatistes\/wp-content\/uploads\/sites\/319861\/2022\/05\/IMG_20220510_082306-300x225.jpg\" alt=\"\" width=\"300\" height=\"225\" data-uw-styling-context=\"true\" \/>\u00a0<img loading=\"lazy\" decoding=\"async\" src=\"https:\/\/blogs.e-me.edu.gr\/hive-oi-peiramatistes\/wp-content\/uploads\/sites\/319861\/2022\/05\/IMG_20220510_082308-300x225.jpg\" alt=\"\" width=\"300\" height=\"225\" data-uw-styling-context=\"true\" \/><\/p>\n<ul data-uw-styling-context=\"true\">\n<li data-uw-styling-context=\"true\"><span style=\"color: #0000ff\"><strong><span style=\"font-size: 24pt\">Porto, Portugal<\/span><\/strong><\/span><\/li>\n<\/ul>\n<p data-uw-styling-context=\"true\"><img loading=\"lazy\" decoding=\"async\" src=\"https:\/\/blogs.e-me.edu.gr\/hive-oi-peiramatistes\/wp-content\/uploads\/sites\/319861\/2022\/05\/IMG_20220518_114927-2-300x199.jpg\" alt=\"\" width=\"300\" height=\"199\" data-uw-styling-context=\"true\" \/>\u00a0<img loading=\"lazy\" decoding=\"async\" src=\"https:\/\/blogs.e-me.edu.gr\/hive-oi-peiramatistes\/wp-content\/uploads\/sites\/319861\/2022\/05\/IMG_20220518_115007-300x225.jpg\" alt=\"\" width=\"300\" height=\"225\" data-uw-styling-context=\"true\" \/>\u00a0<img loading=\"lazy\" decoding=\"async\" src=\"https:\/\/blogs.e-me.edu.gr\/hive-oi-peiramatistes\/wp-content\/uploads\/sites\/319861\/2022\/05\/IMG_20220518_115028-300x225.jpg\" alt=\"\" width=\"300\" height=\"225\" data-uw-styling-context=\"true\" \/>\u00a0<img loading=\"lazy\" decoding=\"async\" src=\"https:\/\/blogs.e-me.edu.gr\/hive-oi-peiramatistes\/wp-content\/uploads\/sites\/319861\/2022\/05\/IMG_20220518_115112-300x225.jpg\" alt=\"\" width=\"300\" height=\"225\" data-uw-styling-context=\"true\" \/>\u00a0<img loading=\"lazy\" decoding=\"async\" src=\"https:\/\/blogs.e-me.edu.gr\/hive-oi-peiramatistes\/wp-content\/uploads\/sites\/319861\/2022\/05\/IMG_20220518_124329-300x225.jpg\" alt=\"\" width=\"300\" height=\"225\" data-uw-styling-context=\"true\" \/>\u00a0 \u00a0<img loading=\"lazy\" decoding=\"async\" src=\"https:\/\/blogs.e-me.edu.gr\/hive-oi-peiramatistes\/wp-content\/uploads\/sites\/319861\/2022\/05\/IMG_20220524_110931-2-300x225.jpg\" alt=\"\" width=\"300\" height=\"225\" data-uw-styling-context=\"true\" \/><img loading=\"lazy\" decoding=\"async\" src=\"https:\/\/blogs.e-me.edu.gr\/hive-oi-peiramatistes\/wp-content\/uploads\/sites\/319861\/2022\/05\/IMG_20220524_112252-2-300x215.jpg\" alt=\"\" width=\"525\" height=\"376\" data-uw-styling-context=\"true\" \/><\/p>\n<p data-uw-styling-context=\"true\"><img decoding=\"async\" class=\"aligncenter\" src=\"https:\/\/twinspace.etwinning.net\/files\/collabspace\/3\/23\/823\/199823\/images\/c0b7d447b_opt.jpg\" \/><\/p>\n<ul>\n<li><u><strong>Collaborative projects for...<\/strong><\/u><u><strong>Natural beauties in Serres<\/strong><\/u><\/li>\n<\/ul>\n<p><strong><u>Lake Kerkini,<\/u><\/strong>\u00a0a unique National Prark right next to Serres<\/p>\n<p><iframe class=\"wp-embedded-content\" sandbox=\"allow-scripts\" security=\"restricted\" title=\"Kerkini Lake\" frameborder='0' width='1200' height='675' src='https:\/\/view.genial.ly\/628a6de9063c6c0011cbd655#?secret=wc3JC8e1RN' data-secret='wc3JC8e1RN' scrolling='yes'><\/iframe><\/p>\n<div class=\"entry-content clearfix\" style=\"text-align: center\" data-uw-styling-context=\"true\"><\/div>\n<\/article>\n<\/div>\n<div style=\"width: 100%\">\n<p><u><strong>Alistrati Cave,<\/strong><\/u>\u00a0a cave considered \u00a0as one of the finest and largest in Greece, and possibly in Europe, where nature show its greatest power of creation.<\/p>\n<p><img decoding=\"async\" class=\"aligncenter\" src=\"https:\/\/twinspace.etwinning.net\/files\/collabspace\/3\/23\/823\/199823\/images\/b199fae33_opt.jpg\" \/><\/p>\n<ul>\n<li><u><strong>... and Historical places<\/strong><\/u><\/li>\n<\/ul>\n<p><strong>Ancient Amphipolis<\/strong><\/p>\n<p><a href=\"https:\/\/view.genial.ly\/629512b0eb70320011b72c2d\/interactive-content-amphipolis\" target=\"_blank\" rel=\"noopener\">https:\/\/view.genial.ly\/629512b0eb70320011b72c2d\/interactive-content-amphipolis<\/a><\/p>\n<p><iframe class=\"wp-embedded-content\" sandbox=\"allow-scripts\" security=\"restricted\" title=\"Amphipolis\" frameborder='0' width='800' height='1600' src='https:\/\/view.genial.ly\/629512b0eb70320011b72c2d#?secret=UHPMjDB1gt' data-secret='UHPMjDB1gt' scrolling='yes'><\/iframe><\/p>\n<ul>\n<li><span style=\"font-size: 14pt\">\u03a4\u03b5\u03bb\u03b5\u03c5\u03c4\u03b1\u03af\u03b1 \u03b4\u03c1\u03b1\u03c3\u03c4\u03b7\u03c1\u03b9\u03cc\u03c4\u03b7\u03c4\u03b1: \"Cultural aspects of Serres\"<\/span><\/li>\n<\/ul>\n<p><iframe class=\"wp-embedded-content\" sandbox=\"allow-scripts\" security=\"restricted\" title=\"Cultural aspects of Serres\" frameborder='0' width='1200' height='675' src='https:\/\/view.genial.ly\/6293c0e8845eec0011fd030f#?secret=IfVdFpZIjs' data-secret='IfVdFpZIjs' scrolling='yes'><\/iframe><\/p>\n<div data-url=\"https:\/\/issuu.com\/katerina.trag\/docs\/brochure\" style=\"width: 720px; height: 466px;\" class=\"issuuembed\"><\/div>\n<p><script type=\"text\/javascript\" src=\"\/\/e.issuu.com\/embed.js\" async=\"true\"><\/script><\/p>\n<p><img loading=\"lazy\" decoding=\"async\" class=\" wp-image-864 aligncenter\" src=\"https:\/\/blogs.e-me.edu.gr\/hive-oi-peiramatistes\/wp-content\/uploads\/sites\/319861\/2022\/06\/photovisi-download-2-300x225.jpg\" alt=\"\" width=\"508\" height=\"381\" srcset=\"https:\/\/blogs.e-me.edu.gr\/hive-oi-peiramatistes\/wp-content\/uploads\/sites\/319861\/2022\/06\/photovisi-download-2-300x225.jpg 300w, https:\/\/blogs.e-me.edu.gr\/hive-oi-peiramatistes\/wp-content\/uploads\/sites\/319861\/2022\/06\/photovisi-download-2-768x576.jpg 768w, https:\/\/blogs.e-me.edu.gr\/hive-oi-peiramatistes\/wp-content\/uploads\/sites\/319861\/2022\/06\/photovisi-download-2.jpg 1025w\" sizes=\"auto, (max-width: 508px) 100vw, 508px\" \/><\/p>\n<p><img loading=\"lazy\" decoding=\"async\" class=\" wp-image-863 aligncenter\" src=\"https:\/\/blogs.e-me.edu.gr\/hive-oi-peiramatistes\/wp-content\/uploads\/sites\/319861\/2022\/06\/IMG_20220610_122921-2-300x201.jpg\" alt=\"\" width=\"546\" height=\"366\" srcset=\"https:\/\/blogs.e-me.edu.gr\/hive-oi-peiramatistes\/wp-content\/uploads\/sites\/319861\/2022\/06\/IMG_20220610_122921-2-300x201.jpg 300w, https:\/\/blogs.e-me.edu.gr\/hive-oi-peiramatistes\/wp-content\/uploads\/sites\/319861\/2022\/06\/IMG_20220610_122921-2-1024x686.jpg 1024w, https:\/\/blogs.e-me.edu.gr\/hive-oi-peiramatistes\/wp-content\/uploads\/sites\/319861\/2022\/06\/IMG_20220610_122921-2-768x514.jpg 768w, https:\/\/blogs.e-me.edu.gr\/hive-oi-peiramatistes\/wp-content\/uploads\/sites\/319861\/2022\/06\/IMG_20220610_122921-2-1536x1029.jpg 1536w, https:\/\/blogs.e-me.edu.gr\/hive-oi-peiramatistes\/wp-content\/uploads\/sites\/319861\/2022\/06\/IMG_20220610_122921-2-2048x1372.jpg 2048w\" sizes=\"auto, (max-width: 546px) 100vw, 546px\" \/><\/p>\n<p>&nbsp;<\/p>\n<\/div>\n<div style=\"vertical-align: top;width: 300px;margin: 20px auto;color: #333;background: #fff;border: 1px solid #ddd;line-height: 1.2;text-decoration: none;padding: 0\">\n<p><a style=\"color: #333;line-height: 1.2;text-decoration: none;text-align: left;padding: 0;font-weight: normal\" href=\"https:\/\/read.bookcreator.com\/RIOsEyOTMjcmTevcqnZSUtvblae2\/6xpttw4jQ32YRvsEvfBD1A\" target=\"_blank\" rel=\"noopener\"><img decoding=\"async\" style=\"max-height: 300px;max-width: 100%;margin: 0 auto;padding: 0;border: none\" src=\"https:\/\/assets.api.bookcreator.com\/RIOsEyOTMjcmTevcqnZSUtvblae2\/books\/6xpttw4jQ32YRvsEvfBD1A\/cover\/share\" alt=\"Results of eTwinning project &quot;welome to my town&quot;\" \/><\/a><\/p>\n<div style=\"padding: 20px;overflow: hidden;border-top: 1px solid #ddd\">\n<div style=\"color: #333;line-height: 1.2;text-decoration: none;text-align: left;padding: 0;font-weight: normal;font-size: 21px;margin: 0 0 0.25em\"><a style=\"color: #333;line-height: 1.2;text-decoration: none;text-align: left;padding: 0;font-weight: normal\" href=\"https:\/\/read.bookcreator.com\/RIOsEyOTMjcmTevcqnZSUtvblae2\/6xpttw4jQ32YRvsEvfBD1A\" target=\"_blank\" rel=\"noopener\">Results of eTwinning project \"welome to my town\"<\/a><\/div>\n<div style=\"color: #333333;line-height: 1.2;text-decoration: none;padding: 0px;font-weight: normal;font-size: 16px;margin: 0px 0px 0.5em;text-align: center\"><a style=\"color: #333;line-height: 1.2;text-decoration: none;text-align: left;padding: 0;font-weight: normal\" href=\"https:\/\/read.bookcreator.com\/RIOsEyOTMjcmTevcqnZSUtvblae2\/6xpttw4jQ32YRvsEvfBD1A\" target=\"_blank\" rel=\"noopener\">Click to read this book, made with Book Creator<\/a><\/div>\n<div style=\"color: #455a64;line-height: 1.2;text-decoration: none;text-align: left;padding: 0;font-weight: bold;overflow: hidden;font-size: 14px\"><a style=\"color: #333;line-height: 1.2;text-decoration: none;text-align: left;padding: 0;font-weight: normal\" href=\"https:\/\/read.bookcreator.com\/RIOsEyOTMjcmTevcqnZSUtvblae2\/6xpttw4jQ32YRvsEvfBD1A\" target=\"_blank\" rel=\"noopener\">https:\/\/read.bookcreator.com<\/a><\/div>\n<\/div>\n<\/div>\n","protected":false},"excerpt":{"rendered":"<p>eTwinning \u03a6\u03ad\u03c4\u03bf\u03c2 \u03ad\u03c7\u03bf\u03c5\u03bc\u03b5 \u03c4\u03b7 \u03c7\u03b1\u03c1\u03ac \u03bd\u03b1 \u03c3\u03c5\u03bc\u03bc\u03b5\u03c4\u03ad\u03c7\u03bf\u03c5\u03bc\u03b5 \u03c3\u03c4\u03bf \u03b5\u03c5\u03c1\u03c9\u03c0\u03b1\u03ca\u03ba\u03cc \u03c0\u03c1\u03cc\u03b3\u03c1\u03b1\u03bc\u03bc\u03b1 eTwinning.\u00a0 \u03a4\u03bf project \u03bc\u03b1\u03c2 \u03bf\u03bd\u03bf\u03bc\u03ac\u03b6\u03b5\u03c4\u03b1\u03b9\u00a0\u00a0&#8220;Welcome to my town&#8221;\u00a0\u03ba\u03b1\u03b9 \u03bc\u03c0\u03bf\u03c1\u03b5\u03af\u03c4\u03b5 \u03bd\u03b1 \u03b4\u03b5\u03af\u03c4\u03b5 \u03c4\u03b1 \u03ad\u03c1\u03b3\u03b1 \u03bc\u03b1\u03c2 \u03c0\u03b1\u03c4\u03ce\u03bd\u03c4\u03b1\u03c2 \u03c3\u03c4\u03bf\u03bd \u03c0\u03b1\u03c1\u03b1\u03ba\u03ac\u03c4\u03c9 \u03c3\u03cd\u03bd\u03b4\u03b5\u03c3\u03bc\u03bf: https:\/\/twinspace.etwinning.net\/199823 \u039b\u03af\u03b3\u03b1 \u03bb\u03cc\u03b3\u03b9\u03b1 \u03b3\u03b9\u03b1 \u03c4\u03bf \u03ad\u03c1\u03b3\u03bf \u039c\u03ad\u03c3\u03b1 \u03b1\u03c0\u03cc \u03c4\u03bf \u03c3\u03c5\u03b3\u03ba\u03b5\u03ba\u03c1\u03b9\u03bc\u03ad\u03bd\u03bf \u03ad\u03c1\u03b3\u03bf \u03bf\u03b9<\/p>\n","protected":false},"author":5150,"featured_media":0,"parent":0,"menu_order":0,"comment_status":"open","ping_status":"open","template":"","meta":{"footnotes":""},"class_list":["post-657","page","type-page","status-publish","hentry"],"_links":{"self":[{"href":"https:\/\/blogs.e-me.edu.gr\/hive-oi-peiramatistes\/wp-json\/wp\/v2\/pages\/657","targetHints":{"allow":["GET"]}}],"collection":[{"href":"https:\/\/blogs.e-me.edu.gr\/hive-oi-peiramatistes\/wp-json\/wp\/v2\/pages"}],"about":[{"href":"https:\/\/blogs.e-me.edu.gr\/hive-oi-peiramatistes\/wp-json\/wp\/v2\/types\/page"}],"author":[{"embeddable":true,"href":"https:\/\/blogs.e-me.edu.gr\/hive-oi-peiramatistes\/wp-json\/wp\/v2\/users\/5150"}],"replies":[{"embeddable":true,"href":"https:\/\/blogs.e-me.edu.gr\/hive-oi-peiramatistes\/wp-json\/wp\/v2\/comments?post=657"}],"version-history":[{"count":0,"href":"https:\/\/blogs.e-me.edu.gr\/hive-oi-peiramatistes\/wp-json\/wp\/v2\/pages\/657\/revisions"}],"wp:attachment":[{"href":"https:\/\/blogs.e-me.edu.gr\/hive-oi-peiramatistes\/wp-json\/wp\/v2\/media?parent=657"}],"curies":[{"name":"wp","href":"https:\/\/api.w.org\/{rel}","templated":true}]}}