{"id":14,"date":"2024-07-19T21:54:07","date_gmt":"2024-07-19T18:54:07","guid":{"rendered":"https:\/\/blogs.e-me.edu.gr\/hive-sxolikoetos20232024\/?page_id=14"},"modified":"2025-06-08T19:48:21","modified_gmt":"2025-06-08T16:48:21","slug":"etwinning","status":"publish","type":"page","link":"https:\/\/blogs.e-me.edu.gr\/hive-sxolikoetos20232024\/etwinning\/","title":{"rendered":"eTwinning"},"content":{"rendered":"\n\t\t<style type=\"text\/css\">\n\t\t\t#gallery-1 {\n\t\t\t\tmargin: auto;\n\t\t\t}\n\t\t\t#gallery-1 .gallery-item {\n\t\t\t\tfloat: left;\n\t\t\t\tmargin-top: 10px;\n\t\t\t\ttext-align: center;\n\t\t\t\twidth: 50%;\n\t\t\t}\n\t\t\t#gallery-1 img {\n\t\t\t\tborder: 2px solid #cfcfcf;\n\t\t\t}\n\t\t\t#gallery-1 .gallery-caption {\n\t\t\t\tmargin-left: 0;\n\t\t\t}\n\t\t\t\/* see gallery_shortcode() in wp-includes\/media.php *\/\n\t\t<\/style>\n\t\t<div id='gallery-1' class='gallery galleryid-14 gallery-columns-2 gallery-size-medium'><dl class='gallery-item'>\n\t\t\t<dt class='gallery-icon landscape'>\n\t\t\t\t<a href='https:\/\/blogs.e-me.edu.gr\/hive-sxolikoetos20232024\/etwinning\/screenshot_1\/'><img loading=\"lazy\" decoding=\"async\" width=\"300\" height=\"204\" src=\"https:\/\/blogs.e-me.edu.gr\/hive-sxolikoetos20232024\/wp-content\/uploads\/sites\/337508\/2025\/06\/Screenshot_1-300x204.jpg\" class=\"attachment-medium size-medium\" alt=\"\" srcset=\"https:\/\/blogs.e-me.edu.gr\/hive-sxolikoetos20232024\/wp-content\/uploads\/sites\/337508\/2025\/06\/Screenshot_1-300x204.jpg 300w, https:\/\/blogs.e-me.edu.gr\/hive-sxolikoetos20232024\/wp-content\/uploads\/sites\/337508\/2025\/06\/Screenshot_1-768x521.jpg 768w, https:\/\/blogs.e-me.edu.gr\/hive-sxolikoetos20232024\/wp-content\/uploads\/sites\/337508\/2025\/06\/Screenshot_1.jpg 875w\" sizes=\"auto, (max-width: 300px) 100vw, 300px\" \/><\/a>\n\t\t\t<\/dt><\/dl><dl class='gallery-item'>\n\t\t\t<dt class='gallery-icon landscape'>\n\t\t\t\t<a href='https:\/\/blogs.e-me.edu.gr\/hive-sxolikoetos20232024\/etwinning\/papatheodorou-eleni-web\/'><img loading=\"lazy\" decoding=\"async\" width=\"300\" height=\"214\" src=\"https:\/\/blogs.e-me.edu.gr\/hive-sxolikoetos20232024\/wp-content\/uploads\/sites\/337508\/2024\/07\/papatheodorou-Eleni-web-300x214.jpg\" class=\"attachment-medium size-medium\" alt=\"\" srcset=\"https:\/\/blogs.e-me.edu.gr\/hive-sxolikoetos20232024\/wp-content\/uploads\/sites\/337508\/2024\/07\/papatheodorou-Eleni-web-300x214.jpg 300w, https:\/\/blogs.e-me.edu.gr\/hive-sxolikoetos20232024\/wp-content\/uploads\/sites\/337508\/2024\/07\/papatheodorou-Eleni-web.jpg 437w\" sizes=\"auto, (max-width: 300px) 100vw, 300px\" \/><\/a>\n\t\t\t<\/dt><\/dl><br style=\"clear: both\" \/>\n\t\t<\/div>\n\n<p><strong>\u03a3\u03c5\u03bc\u03bc\u03b5\u03c4\u03b5\u03af\u03c7\u03b1\u03bc\u03b5 \u03c3\u03b5 \u03b5\u03c5\u03c1\u03c9\u03c0\u03b1\u03ca\u03ba\u03cc \u03c0\u03c1\u03cc\u03b3\u03c1\u03b1\u03bc\u03bc\u03b1 eTwinning. T\u03b1 \u03c3\u03c7\u03bf\u03bb\u03b5\u03af\u03b1 \u03bc\u03b5 \u03c4\u03b1 \u03bf\u03c0\u03bf\u03af\u03b1 \u03c3\u03c5\u03bd\u03b5\u03c1\u03b3\u03b1\u03c3\u03c4\u03ae\u03ba\u03b1\u03bc\u03b5 \u03ae\u03c4\u03b1\u03bd:<\/strong><\/p>\n<ul>\n<li><strong>\u03a3\u03c7\u03bf\u03bb\u03b5\u03af\u03bf\u00a0 JU O\u0160 Osman Nuri Had\u017ei\u0107 \u2013 \u0392\u03bf\u03c3\u03bd\u03af\u03b1 \u0395\u03c1\u03b6\u03b5\u03b3\u03bf\u03b2\u03af\u03bd\u03b7<\/strong><\/li>\n<li><strong>\u03a3\u03c7\u03bf\u03bb\u03b5\u03af\u03bf Primary School of Vasilikos Zakynthos<\/strong><\/li>\n<li><strong>\u00a0\u0394\u03b7\u03bc\u03bf\u03c4\u03b9\u03ba\u03cc \u03a3\u03c7\u03bf\u03bb\u03b5\u03af\u03bf \u03a7\u03b1\u03bb\u03ba\u03af\u03b4\u03b1\u03c2 \"\u0393\u03b9\u03ac\u03bd\u03bd\u03b7\u03c2 \u03a3\u03ba\u03b1\u03c1\u03af\u03bc\u03c0\u03b1\u03c2\"<\/strong><\/li>\n<li><strong>Z\u0160 Dr. E. Bene\u0161e Praha, Czech Republic<\/strong><\/li>\n<li><strong>\u03a0\u03b5\u03b9\u03c1\u03b1\u03bc\u03b1\u03c4\u03b9\u03ba\u03cc \u03a3\u03c7\u03bf\u03bb\u03b5\u03af\u03bf \u03a0\u03b1\u03bd\u03b5\u03c0\u03b9\u03c3\u03c4\u03b7\u03bc\u03af\u03bf\u03c5 \u0391\u03b8\u03b7\u03bd\u03ce\u03bd (\u039c\u03b1\u03c1\u03ac\u03c3\u03bb\u03b5\u03b9\u03bf)<\/strong><\/li>\n<\/ul>\n<p><strong>\u0392\u0399\u039d\u03a4\u0395\u039f:\u00a0 \u00a0 \u00a0<a href=\"https:\/\/youtu.be\/rlor4_IO5vU\">1 \u00a0 \u00a0<\/a>\u00a0 \u00a0\u00a0<a href=\"https:\/\/youtu.be\/3zyt_-mMd2g\">2 \u00a0 \u00a0<\/a>\u00a0 \u00a0\u00a0<a href=\"https:\/\/youtu.be\/VHCewUf-VU4\">3<\/a>\u00a0 \u00a0 \u00a0 \u00a0<a href=\"https:\/\/youtu.be\/kxYURgZJjp8\">4\u00a0<\/a>\u00a0 \u00a0 \u00a0\u00a0<a href=\"https:\/\/youtu.be\/ywkmQVu1kUw\">5\u00a0<\/a>\u00a0\u00a0 \u00a0 \u00a0<a href=\"https:\/\/youtu.be\/wS6oqyXlkvs\">6<\/a>\u00a0 \u00a0 \u00a0<a href=\"https:\/\/youtu.be\/iTZRsaK31F8\">7<\/a>\u00a0 \u00a0 \u00a0<\/strong><\/p>\n<p><strong>Man and machines\u00a0<\/strong><\/p>\n<p><strong>The integration of robotics into the educational process opens up new ways of learning. Through building and programming robotic structures, students develop practical skills and solve problems. Students will be guided to build various machines in collaboration with other schools in Europe. They will use modern robotics (Wedo 2.0 and microbit) to make their own projects and present them in collaboration with European schools.<\/strong><\/p>\n<p><strong>Objectives of robotics in the classroom may include:<\/strong><\/p>\n<ul>\n<li><strong>Learning programming: Students can learn basic programming principles using robots.<\/strong><\/li>\n<li><strong>Problem Solving: Students can develop problem solving skills by programming robots to perform specific tasks.<\/strong><\/li>\n<li><strong>Creativity: Students can design and create various functions for their robots.<\/strong><\/li>\n<\/ul>\n<p><strong>Collaboration: Students can collaborate in groups with other schools in Greece and Europe to solve problems and create together.<\/strong><\/p>\n<ul>\n<li><strong>Encouraging scientific approach: Robotics can help students develop scientific thinking and approach to problem solving.<\/strong><\/li>\n<li><strong>Interest in technology: Robotics can encourage students' interest in technology and science.<\/strong><\/li>\n<\/ul>\n<p><strong>In collaboration with other schools, there will be a plan and the goals of the program will be set. The initial goal is to create \"smart\" machines that will rely entirely on automated systems. Each school will undertake the creation of a robot. We will use Lego elements which will be programmed with a Wedo 2.0 guide and also microbit for more specialized projects - machines that will be programmed to work. Each member, after creating various projects and programming them with the help of computers, will present the projects to the other members.<\/strong><\/p>\n<p><strong>We will post the project, as well as all stages of planning and implementation, on twinspace.<\/strong><\/p>\n<p><img loading=\"lazy\" decoding=\"async\" class=\"alignnone wp-image-22\" style=\"font-size: 1.1em\" src=\"https:\/\/blogs.e-me.edu.gr\/hive-sxolikoetos20232024\/wp-content\/uploads\/sites\/337508\/2024\/07\/papatheodorou-Eleni-web-300x214.jpg\" alt=\"\" width=\"373\" height=\"266\" srcset=\"https:\/\/blogs.e-me.edu.gr\/hive-sxolikoetos20232024\/wp-content\/uploads\/sites\/337508\/2024\/07\/papatheodorou-Eleni-web-300x214.jpg 300w, https:\/\/blogs.e-me.edu.gr\/hive-sxolikoetos20232024\/wp-content\/uploads\/sites\/337508\/2024\/07\/papatheodorou-Eleni-web.jpg 437w\" sizes=\"auto, (max-width: 373px) 100vw, 373px\" \/><img loading=\"lazy\" decoding=\"async\" class=\"alignnone wp-image-16\" src=\"https:\/\/blogs.e-me.edu.gr\/hive-sxolikoetos20232024\/wp-content\/uploads\/sites\/337508\/2024\/07\/1111111111111-web-300x209.jpg\" alt=\"\" width=\"379\" height=\"264\" srcset=\"https:\/\/blogs.e-me.edu.gr\/hive-sxolikoetos20232024\/wp-content\/uploads\/sites\/337508\/2024\/07\/1111111111111-web-300x209.jpg 300w, https:\/\/blogs.e-me.edu.gr\/hive-sxolikoetos20232024\/wp-content\/uploads\/sites\/337508\/2024\/07\/1111111111111-web.jpg 333w\" sizes=\"auto, (max-width: 379px) 100vw, 379px\" \/> <img loading=\"lazy\" decoding=\"async\" class=\"alignnone size-medium wp-image-18\" src=\"https:\/\/blogs.e-me.edu.gr\/hive-sxolikoetos20232024\/wp-content\/uploads\/sites\/337508\/2024\/07\/MAN-AND-MACHINES2-web-200x300.jpg\" alt=\"\" width=\"200\" height=\"300\" srcset=\"https:\/\/blogs.e-me.edu.gr\/hive-sxolikoetos20232024\/wp-content\/uploads\/sites\/337508\/2024\/07\/MAN-AND-MACHINES2-web-200x300.jpg 200w, https:\/\/blogs.e-me.edu.gr\/hive-sxolikoetos20232024\/wp-content\/uploads\/sites\/337508\/2024\/07\/MAN-AND-MACHINES2-web-682x1024.jpg 682w, https:\/\/blogs.e-me.edu.gr\/hive-sxolikoetos20232024\/wp-content\/uploads\/sites\/337508\/2024\/07\/MAN-AND-MACHINES2-web-768x1153.jpg 768w, https:\/\/blogs.e-me.edu.gr\/hive-sxolikoetos20232024\/wp-content\/uploads\/sites\/337508\/2024\/07\/MAN-AND-MACHINES2-web-1023x1536.jpg 1023w, https:\/\/blogs.e-me.edu.gr\/hive-sxolikoetos20232024\/wp-content\/uploads\/sites\/337508\/2024\/07\/MAN-AND-MACHINES2-web.jpg 1066w\" sizes=\"auto, (max-width: 200px) 100vw, 200px\" \/> <img loading=\"lazy\" decoding=\"async\" class=\"alignnone size-medium wp-image-20\" src=\"https:\/\/blogs.e-me.edu.gr\/hive-sxolikoetos20232024\/wp-content\/uploads\/sites\/337508\/2024\/07\/MAN-AND-MACHINES_2-web-200x300.jpg\" alt=\"\" width=\"200\" height=\"300\" srcset=\"https:\/\/blogs.e-me.edu.gr\/hive-sxolikoetos20232024\/wp-content\/uploads\/sites\/337508\/2024\/07\/MAN-AND-MACHINES_2-web-200x300.jpg 200w, https:\/\/blogs.e-me.edu.gr\/hive-sxolikoetos20232024\/wp-content\/uploads\/sites\/337508\/2024\/07\/MAN-AND-MACHINES_2-web-682x1024.jpg 682w, https:\/\/blogs.e-me.edu.gr\/hive-sxolikoetos20232024\/wp-content\/uploads\/sites\/337508\/2024\/07\/MAN-AND-MACHINES_2-web-768x1153.jpg 768w, https:\/\/blogs.e-me.edu.gr\/hive-sxolikoetos20232024\/wp-content\/uploads\/sites\/337508\/2024\/07\/MAN-AND-MACHINES_2-web-1023x1536.jpg 1023w, https:\/\/blogs.e-me.edu.gr\/hive-sxolikoetos20232024\/wp-content\/uploads\/sites\/337508\/2024\/07\/MAN-AND-MACHINES_2-web.jpg 1066w\" sizes=\"auto, (max-width: 200px) 100vw, 200px\" \/><img loading=\"lazy\" decoding=\"async\" class=\"alignnone size-medium wp-image-24\" src=\"https:\/\/blogs.e-me.edu.gr\/hive-sxolikoetos20232024\/wp-content\/uploads\/sites\/337508\/2024\/07\/Space-Machines-Collage1-web-200x300.jpg\" alt=\"\" width=\"200\" height=\"300\" srcset=\"https:\/\/blogs.e-me.edu.gr\/hive-sxolikoetos20232024\/wp-content\/uploads\/sites\/337508\/2024\/07\/Space-Machines-Collage1-web-200x300.jpg 200w, https:\/\/blogs.e-me.edu.gr\/hive-sxolikoetos20232024\/wp-content\/uploads\/sites\/337508\/2024\/07\/Space-Machines-Collage1-web-682x1024.jpg 682w, https:\/\/blogs.e-me.edu.gr\/hive-sxolikoetos20232024\/wp-content\/uploads\/sites\/337508\/2024\/07\/Space-Machines-Collage1-web-768x1153.jpg 768w, https:\/\/blogs.e-me.edu.gr\/hive-sxolikoetos20232024\/wp-content\/uploads\/sites\/337508\/2024\/07\/Space-Machines-Collage1-web-1023x1536.jpg 1023w, https:\/\/blogs.e-me.edu.gr\/hive-sxolikoetos20232024\/wp-content\/uploads\/sites\/337508\/2024\/07\/Space-Machines-Collage1-web.jpg 1066w\" sizes=\"auto, (max-width: 200px) 100vw, 200px\" \/><\/p>\n","protected":false},"excerpt":{"rendered":"<p>\u03a3\u03c5\u03bc\u03bc\u03b5\u03c4\u03b5\u03af\u03c7\u03b1\u03bc\u03b5 \u03c3\u03b5 \u03b5\u03c5\u03c1\u03c9\u03c0\u03b1\u03ca\u03ba\u03cc \u03c0\u03c1\u03cc\u03b3\u03c1\u03b1\u03bc\u03bc\u03b1 eTwinning. T\u03b1 \u03c3\u03c7\u03bf\u03bb\u03b5\u03af\u03b1 \u03bc\u03b5 \u03c4\u03b1 \u03bf\u03c0\u03bf\u03af\u03b1 \u03c3\u03c5\u03bd\u03b5\u03c1\u03b3\u03b1\u03c3\u03c4\u03ae\u03ba\u03b1\u03bc\u03b5 \u03ae\u03c4\u03b1\u03bd: \u03a3\u03c7\u03bf\u03bb\u03b5\u03af\u03bf\u00a0 JU O\u0160 Osman Nuri Had\u017ei\u0107 \u2013 \u0392\u03bf\u03c3\u03bd\u03af\u03b1 \u0395\u03c1\u03b6\u03b5\u03b3\u03bf\u03b2\u03af\u03bd\u03b7 \u03a3\u03c7\u03bf\u03bb\u03b5\u03af\u03bf Primary School of Vasilikos Zakynthos \u00a0\u0394\u03b7\u03bc\u03bf\u03c4\u03b9\u03ba\u03cc \u03a3\u03c7\u03bf\u03bb\u03b5\u03af\u03bf \u03a7\u03b1\u03bb\u03ba\u03af\u03b4\u03b1\u03c2 &#8220;\u0393\u03b9\u03ac\u03bd\u03bd\u03b7\u03c2 \u03a3\u03ba\u03b1\u03c1\u03af\u03bc\u03c0\u03b1\u03c2&#8221; Z\u0160 Dr. E. Bene\u0161e Praha, Czech &hellip; <\/p>\n<div class=\"more-link-wrapper\"><a href=\"https:\/\/blogs.e-me.edu.gr\/hive-sxolikoetos20232024\/etwinning\/\" class=\"more-link\">Continue reading<span class=\"screen-reader-text\"> &#8220;eTwinning&#8221;<\/span><\/a><\/div>\n","protected":false},"author":338750,"featured_media":0,"parent":0,"menu_order":0,"comment_status":"closed","ping_status":"closed","template":"","meta":{"footnotes":""},"class_list":["post-14","page","type-page","status-publish","hentry"],"_links":{"self":[{"href":"https:\/\/blogs.e-me.edu.gr\/hive-sxolikoetos20232024\/wp-json\/wp\/v2\/pages\/14","targetHints":{"allow":["GET"]}}],"collection":[{"href":"https:\/\/blogs.e-me.edu.gr\/hive-sxolikoetos20232024\/wp-json\/wp\/v2\/pages"}],"about":[{"href":"https:\/\/blogs.e-me.edu.gr\/hive-sxolikoetos20232024\/wp-json\/wp\/v2\/types\/page"}],"author":[{"embeddable":true,"href":"https:\/\/blogs.e-me.edu.gr\/hive-sxolikoetos20232024\/wp-json\/wp\/v2\/users\/338750"}],"replies":[{"embeddable":true,"href":"https:\/\/blogs.e-me.edu.gr\/hive-sxolikoetos20232024\/wp-json\/wp\/v2\/comments?post=14"}],"version-history":[{"count":0,"href":"https:\/\/blogs.e-me.edu.gr\/hive-sxolikoetos20232024\/wp-json\/wp\/v2\/pages\/14\/revisions"}],"wp:attachment":[{"href":"https:\/\/blogs.e-me.edu.gr\/hive-sxolikoetos20232024\/wp-json\/wp\/v2\/media?parent=14"}],"curies":[{"name":"wp","href":"https:\/\/api.w.org\/{rel}","templated":true}]}}