{"id":220,"date":"2021-11-27T13:40:00","date_gmt":"2021-11-27T10:40:00","guid":{"rendered":"https:\/\/blogs.e-me.edu.gr\/kouyoumtzi\/?page_id=220"},"modified":"2022-11-11T11:18:11","modified_gmt":"2022-11-11T08:18:11","slug":"%cf%80%ce%bb%ce%b7%ce%ba%cf%84%cf%81%ce%bf%ce%bb%ce%bf%ce%b3%ce%b9%ce%bf","status":"publish","type":"page","link":"https:\/\/blogs.e-me.edu.gr\/kouyoumtzi\/%cf%80%ce%bb%ce%b7%ce%ba%cf%84%cf%81%ce%bf%ce%bb%ce%bf%ce%b3%ce%b9%ce%bf\/","title":{"rendered":"\u03a0\u039b\u0397\u039a\u03a4\u03a1\u039f\u039b\u039f\u0393\u0399\u039f"},"content":{"rendered":"<div class=\"paragraph\">\n<p><span style=\"font-size: 24pt\">\u0393\u03b9\u03b1 \u03bd\u03b1 \u03b3\u03c1\u03ac\u03c6\u03b5\u03c4\u03b5 \u03b3\u03c1\u03ac\u03bc\u03bc\u03b1\u03c4\u03b1 \u03bc\u03b5 \u03c4\u03cc\u03bd\u03bf\u03c5\u03c2 \u03ba\u03bb\u03c0.<\/span><\/p>\n<p><span style=\"font-size: 18pt\">\u0393\u03b9\u03b1 \u03c4\u03b1 tablets \u03ba\u03b1\u03b9 \u03c4\u03b1 \u03ba\u03b9\u03bd\u03b7\u03c4\u03ac :<\/span><\/p>\n<p>\u03a0\u03b1\u03c4\u03ac\u03c4\u03b5 \u03c0\u03b1\u03c1\u03b1\u03c4\u03b5\u03c4\u03b1\u03bc\u03ad\u03bd\u03b1 \u03c4\u03bf \u03b3\u03c1\u03ac\u03bc\u03bc\u03b1 \u03ba\u03b1\u03b9 \u03b2\u03b3\u03b1\u03af\u03bd\u03b5\u03b9 \u03ad\u03bd\u03b1 \u03c0\u03bb\u03b1\u03af\u03c3\u03b9\u03bf \u03b1\u03c0\u03cc \u03cc\u03c0\u03bf\u03c5 \u03b4\u03b9\u03b1\u03bb\u03ad\u03b3\u03b5\u03c4\u03b5 \u03c4\u03bf \u03b3\u03c1\u03ac\u03bc\u03bc\u03b1 \u03bc\u03b5 \u03cc\u03c0\u03bf\u03b9\u03bf \u03c4\u03cc\u03bd\u03bf \u03b8\u03ad\u03bb\u03b5\u03c4\u03b5.<\/p>\n<p><span style=\"font-size: 18pt\">\u0393\u03b9\u03b1 \u03c4\u03bf\u03bd \u03c5\u03c0\u03bf\u03bb\u03bf\u03b3\u03b9\u03c3\u03c4\u03ae :<\/span><\/p>\n<ul>\n<li>\u0391\u03bd \u03b4\u03b5 \u03b8\u03ad\u03bb\u03b5\u03c4\u03b5 \u03bc\u03af\u03b1 \u03b5\u03c0\u03b9\u03c0\u03bb\u03ad\u03bf\u03bd \u03b3\u03bb\u03ce\u03c3\u03c3\u03b1 \u03c3\u03c4\u03bf \u03c0\u03bb\u03b7\u03ba\u03c4\u03c1\u03bf\u03bb\u03cc\u03b3\u03b9\u03cc \u03c3\u03b1\u03c2 \u03c0\u03bf\u03c5 \u03bc\u03c0\u03bf\u03c1\u03b5\u03af \u03bd\u03b1 \u03c4\u03bf \u03c7\u03c1\u03b7\u03c3\u03b9\u03bc\u03bf\u03c0\u03bf\u03b9\u03bf\u03cd\u03bd \u03ba\u03b1\u03b9 \u03ac\u03bb\u03bb\u03b1 \u03bc\u03ad\u03bb\u03b7 \u03c4\u03b7\u03c2 \u03bf\u03b9\u03ba\u03bf\u03b3\u03ad\u03bd\u03b5\u03b9\u03ac\u03c2 \u03c3\u03bf\u03c5 \u03ba\u03b1\u03b9 \u03b4\u03b5\u03bd \u03b8\u03b1 \u03b8\u03ad\u03bb\u03b1\u03c4\u03b5 \u03bd\u03b1 \u03c4\u03bf\u03c5\u03c2 \u03b2\u03ac\u03b6\u03b5\u03c4\u03b5 \u03bd\u03b1 \u03ba\u03ac\u03bd\u03bf\u03c5\u03bd\u00a0 \"\u03ba\u03bb\u03b9\u03ba\" \u03b4\u03cd\u03bf \u03c6\u03bf\u03c1\u03ad\u03c2 \u03b3\u03b9\u03b1 \u03bd\u03b1 \u03b1\u03bb\u03bb\u03ac\u03be\u03bf\u03c5\u03bd \u03b3\u03bb\u03ce\u03c3\u03c3\u03b1, \u03b1\u03ba\u03bf\u03bb\u03bf\u03c5\u03b8\u03b5\u03af\u03c3\u03c4\u03b5\u00a0 \u03c4\u03b9\u03c2 \u03c0\u03b1\u03c1\u03b1\u03ba\u03ac\u03c4\u03c9 \u03bf\u03b4\u03b7\u03b3\u03af\u03b5\u03c2 :<\/li>\n<\/ul>\n<p>\u0388\u03c7\u03bf\u03bd\u03c4\u03b1\u03c2 \u03c0\u03b1\u03c4\u03b7\u03bc\u03ad\u03bd\u03bf \u03c4\u03bf \u03c0\u03bb\u03ae\u03ba\u03c4\u03c1\u03bf alt (\u03ba\u03ac\u03c4\u03c9 \u03b1\u03c0\u03cc \u03c4\u03bf \u03c7) \u03c0\u03bb\u03b7\u03ba\u03c4\u03c1\u03bf\u03bb\u03bf\u03b3\u03b5\u03af\u03c4\u03b5 (<strong>\u03c0\u03c1\u03bf\u03c3\u03bf\u03c7\u03ae!!!! \u03c3\u03c4\u03b1 \u03b1\u03c1\u03b9\u03b8\u03bc\u03b7\u03c4\u03b9\u03ba\u03ac \u03c0\u03bb\u03ae\u03ba\u03c4\u03c1\u03b1 \u03c3\u03c4\u03b1 \u03b4\u03b5\u03be\u03b9\u03ac<\/strong> (\u03cc\u03c7\u03b9 \u03c3\u03c4\u03b1 \u03b5\u03c0\u03ac\u03bd\u03c9)) \u03c4\u03bf\u03c5\u03c2 \u03b1\u03c1\u03b9\u03b8\u03bc\u03bf\u03cd\u03c2 \u03c0\u03bf\u03c5 \u03b2\u03c1\u03af\u03c3\u03ba\u03bf\u03bd\u03c4\u03b1\u03b9 \u03ba\u03ac\u03c4\u03c9 \u03b1\u03c0\u03cc \u03ba\u03ac\u03b8\u03b5 \u03b3\u03c1\u03ac\u03bc\u03bc\u03b1.<\/p>\n<\/div>\n<div class=\"paragraph\"><strong>\u03a0\u03a1\u039f\u03a3\u039f\u03a7\u0397 !!!!!: \u038c\u03c4\u03b1\u03bd \u03c4\u03bf \u03ba\u03ac\u03bd\u03b5\u03c4\u03b5 \u03b1\u03c5\u03c4\u03cc \u03c4\u03bf \u03c0\u03bb\u03b7\u03ba\u03c4\u03c1\u03bf\u03bb\u03cc\u03b3\u03b9\u03cc \u03c3\u03b1\u03c2 \u03c0\u03c1\u03ad\u03c0\u03b5\u03b9 \u03bd\u03b1 \u03b5\u03af\u03bd\u03b1\u03b9 \u00ab\u03b3\u03c5\u03c1\u03b9\u03c3\u03bc\u03ad\u03bd\u03bf\u00bb \u03c3\u03c4\u03b7\u03bd \u03b1\u03b3\u03b3\u03bb\u03b9\u03ba\u03ae \u03b3\u03bb\u03ce\u03c3\u03c3\u03b1 (\u03ba\u03ac\u03c4\u03c9 \u03b4\u03b5\u03be\u03b9\u03ac\u00a0 ENG).<\/strong><\/div>\n<div><\/div>\n<div class=\"paragraph\">\u0393\u03b9\u03b1 \u03c4\u03b1 \u03ba\u03b5\u03c6\u03b1\u03bb\u03b1\u03af\u03b1, \u03bc\u03c0\u03bf\u03c1\u03b5\u03af\u03c2 \u03bd\u03b1 \u03b1\u03bd\u03c4\u03b9\u03b3\u03c1\u03ac\u03c8\u03b5\u03b9\u03c2 \u03b1\u03c0\u03cc \u03b5\u03b4\u03ce :\u00a0<strong>\u00c2, \u00ca, \u00ce, \u00d4, \u00db, \u00c4, \u00cb, \u00cf, \u00d6, \u00dc, \u00c0, \u00c6, \u00e6, \u00c7, \u00c9, \u00c8, \u0152, \u0153, \u00d9\u00a0 (\u038c\u03bc\u03c9\u03c2 \u03b4\u03b5 \u03b8\u03b1 \u03c4\u03b1 \u03c7\u03c1\u03b5\u03b9\u03b1\u03c3\u03c4\u03bf\u03cd\u03bc\u03b5!)<br \/>\n<\/strong><\/div>\n<p>&nbsp;<\/p>\n<p><strong>\u00a0\u00e9 \u00a0 \u00a0 \u00a0ALT + 0233<\/strong><\/p>\n<div class=\"paragraph\">\n<p>\u00e8\u00a0\u00a0\u00a0\u00a0\u00a0\u00a0ALT + 0232<\/p>\n<p>\u00ea \u00a0 \u00a0 \u00a0 \u00a0 ALT + 0234<\/p>\n<p>\u00ee\u00a0\u00a0\u00a0\u00a0\u00a0\u00a0\u00a0\u00a0ALT + 0238<\/p>\n<p>\u00eb \u00a0 \u00a0 \u00a0 \u00a0 \u00a0ALT + 0235<\/p>\n<p>\u00ef \u00a0 \u00a0 \u00a0 \u00a0 ALT + 0239<\/p>\n<p>\u00e0 \u00a0 \u00a0 \u00a0 \u00a0ALT + 0224<\/p>\n<p>\u00f9 \u00a0 \u00a0 \u00a0 \u00a0ALT + 0249<\/p>\n<p>\u00e2 \u00a0 \u00a0 \u00a0 \u00a0 ALT + 0226<\/p>\n<p>\u00fb \u00a0 \u00a0 \u00a0 \u00a0ALT + 0251<\/p>\n<p>\u00e7 \u00a0 \u00a0 \u00a0 \u00a0ALT + 0231<\/p>\n<p>\u00fc \u00a0 \u00a0 \u00a0 \u00a0ALT + 0252<\/p>\n<p>\u00c7 \u00a0 \u00a0 \u00a0 ALT + 0199<\/p>\n<p><strong>\u00f4 \u00a0 \u00a0 \u00a0\u00a0\u00a0 ALT + 0244<\/strong><\/p>\n<p><strong>\u0153 \u00a0 \u00a0 \u00a0 \u00a0ALT + 0156<\/strong><\/p>\n<\/div>\n<p>\u0391\u03bd\u03c4\u03b9\u03b3\u03c1\u03ac\u03c8\u03c4\u03b5 \u03c4\u03b1 \u03c3\u03b5 \u03ad\u03bd\u03b1 \u03c7\u03b1\u03c1\u03c4\u03af \u03bd\u03b1 \u03c4\u03b1 \u03ad\u03c7\u03b5\u03c4\u03b5 \u03c0\u03c1\u03cc\u03c7\u03b5\u03b9\u03c1\u03b1!<\/p>\n<p>&nbsp;<\/p>\n<p>&nbsp;<\/p>\n<ul>\n<li><span style=\"font-size: 14pt\">\u0391\u03bd \u03c0\u03ac\u03bb\u03b9 \u03b8\u03ad\u03bb\u03b5\u03c4\u03b5 \u03bd\u03b1 \u03c0\u03c1\u03bf\u03c3\u03b8\u03ad\u03c3\u03b5\u03c4\u03b5 \u03c3\u03c4\u03bf \u03c0\u03bb\u03b7\u03ba\u03c4\u03c1\u03bf\u03bb\u03cc\u03b3\u03b9\u03bf \u03c3\u03b1\u03c2 \u03c4\u03b1 \u03b3\u03b1\u03bb\u03bb\u03b9\u03ba\u03ac :<\/span><\/li>\n<\/ul>\n<p>\u039a\u03ac\u03c4\u03c9 \u03b4\u03b5\u03be\u03b9\u03ac \u03c3\u03c4\u03b7 \u03bc\u03c0\u03ac\u03c1\u03b1 \u03b5\u03c1\u03b3\u03b1\u03bb\u03b5\u03af\u03c9\u03bd \u03b2\u03c1\u03af\u03c3\u03ba\u03b5\u03c4\u03b1\u03b9 \u03b7 \u03b5\u03c0\u03b9\u03bb\u03bf\u03b3\u03ae \u03b3\u03bb\u03ce\u03c3\u03c3\u03b1\u03c2 \u03b3\u03b9\u03b1 \u03c4\u03bf \u03c0\u03bb\u03b7\u03ba\u03c4\u03c1\u03bf\u03bb\u03cc\u03b3\u03b9\u03bf.<\/p>\n<p>\u0391\u03bd \u03b8\u03ad\u03bb\u03b5\u03c4\u03b5, \u03bc\u03c0\u03bf\u03c1\u03b5\u03af\u03c4\u03b5 \u03bd\u03b1 \u03c0\u03c1\u03bf\u03c3\u03b8\u03ad\u03c3\u03b5\u03c4\u03b5 \u03c4\u03b1 \u03b3\u03b1\u03bb\u03bb\u03b9\u03ba\u03ac \u03c0\u03b1\u03c4\u03ce\u03bd\u03c4\u03b1\u03c2 \u03c4\u03bf \"\u03c0\u03c1\u03bf\u03c4\u03b9\u03bc\u03ae\u03c3\u03b5\u03b9\u03c2 \u03b3\u03bb\u03ce\u03c3\u03c3\u03b1\u03c2\" \u03ba\u03b1\u03b9 \u03c3\u03c4\u03b7 \u03c3\u03c5\u03bd\u03ad\u03c7\u03b5\u03b9\u03b1 \"\u03c0\u03c1\u03bf\u03c3\u03b8\u03ae\u03ba\u03b7\" \u03ba\u03b1\u03b9 \u03b3\u03b1\u03bb\u03bb\u03b9\u03ba\u03ac (\u0393\u03b1\u03bb\u03bb\u03af\u03b1\u03c2).<\/p>\n<p>\u0395\u03af\u03c4\u03b5 \u03bd\u03b1 \u03c0\u03ac\u03c4\u03b5 \u03c3\u03c4\u03bf\u03bd \u03c0\u03af\u03bd\u03b1\u03ba\u03b1 \u03b5\u03bb\u03ad\u03b3\u03c7\u03bf\u03c5 \u03ba\u03b1\u03b9 \u03bd\u03b1 \u03c4\u03b7\u03bd \u03c0\u03c1\u03bf\u03c3\u03b8\u03ad\u03c3\u03b5\u03c4\u03b5 \u03c3\u03c4\u03bf \"\u03c0\u03bb\u03b7\u03ba\u03c4\u03c1\u03bf\u03bb\u03cc\u03b3\u03b9\u03bf\".<\/p>\n<p>\u03a3\u03b5 \u03b1\u03c5\u03c4\u03ae \u03c4\u03b7\u03bd \u03c0\u03b5\u03c1\u03af\u03c0\u03c4\u03c9\u03c3\u03b7 \u03b8\u03b1 \u03c7\u03c1\u03b7\u03c3\u03b9\u03bc\u03bf\u03c0\u03bf\u03b9\u03b5\u03af\u03c4\u03b5 \u03c4\u03b1 \u03c0\u03bb\u03ae\u03ba\u03c4\u03c1\u03b1 \u03c3\u03cd\u03bc\u03c6\u03c9\u03bd\u03b1 \u03bc\u03b5 \u03c4\u03b7\u03bd \u03c0\u03b1\u03c1\u03b1\u03ba\u03ac\u03c4\u03c9 \u03b5\u03b9\u03ba\u03cc\u03bd\u03b1 :<\/p>\n<p>&nbsp;<\/p>\n<p><img loading=\"lazy\" decoding=\"async\" class=\"alignnone size-medium wp-image-224\" src=\"https:\/\/blogs.e-me.edu.gr\/kouyoumtzi\/wp-content\/uploads\/sites\/294420\/2021\/11\/\u03b3\u03b1\u03bb\u03bb\u03b9\u03ba\u03cc-\u03c0\u03bb\u03b7\u03ba\u03c4\u03c1\u03bf\u03bb\u03bf\u03b3\u03b9\u03bf-300x99.jpg\" alt=\"\" width=\"300\" height=\"99\" srcset=\"https:\/\/blogs.e-me.edu.gr\/kouyoumtzi\/wp-content\/uploads\/sites\/294420\/2021\/11\/\u03b3\u03b1\u03bb\u03bb\u03b9\u03ba\u03cc-\u03c0\u03bb\u03b7\u03ba\u03c4\u03c1\u03bf\u03bb\u03bf\u03b3\u03b9\u03bf-300x99.jpg 300w, https:\/\/blogs.e-me.edu.gr\/kouyoumtzi\/wp-content\/uploads\/sites\/294420\/2021\/11\/\u03b3\u03b1\u03bb\u03bb\u03b9\u03ba\u03cc-\u03c0\u03bb\u03b7\u03ba\u03c4\u03c1\u03bf\u03bb\u03bf\u03b3\u03b9\u03bf.jpg 389w\" sizes=\"auto, (max-width: 300px) 100vw, 300px\" \/><\/p>\n<p>&nbsp;<\/p>\n<p>&nbsp;<\/p>\n<p>&nbsp;<\/p>\n","protected":false},"excerpt":{"rendered":"<p>\u0393\u03b9\u03b1 \u03bd\u03b1 \u03b3\u03c1\u03ac\u03c6\u03b5\u03c4\u03b5 \u03b3\u03c1\u03ac\u03bc\u03bc\u03b1\u03c4\u03b1 \u03bc\u03b5 \u03c4\u03cc\u03bd\u03bf\u03c5\u03c2 \u03ba\u03bb\u03c0. \u0393\u03b9\u03b1 \u03c4\u03b1 tablets \u03ba\u03b1\u03b9 \u03c4\u03b1 \u03ba\u03b9\u03bd\u03b7\u03c4\u03ac : \u03a0\u03b1\u03c4\u03ac\u03c4\u03b5 \u03c0\u03b1\u03c1\u03b1\u03c4\u03b5\u03c4\u03b1\u03bc\u03ad\u03bd\u03b1 \u03c4\u03bf \u03b3\u03c1\u03ac\u03bc\u03bc\u03b1 \u03ba\u03b1\u03b9 \u03b2\u03b3\u03b1\u03af\u03bd\u03b5\u03b9 \u03ad\u03bd\u03b1 \u03c0\u03bb\u03b1\u03af\u03c3\u03b9\u03bf \u03b1\u03c0\u03cc \u03cc\u03c0\u03bf\u03c5 \u03b4\u03b9\u03b1\u03bb\u03ad\u03b3\u03b5\u03c4\u03b5 \u03c4\u03bf \u03b3\u03c1\u03ac\u03bc\u03bc\u03b1 \u03bc\u03b5 \u03cc\u03c0\u03bf\u03b9\u03bf \u03c4\u03cc\u03bd\u03bf \u03b8\u03ad\u03bb\u03b5\u03c4\u03b5. \u0393\u03b9\u03b1 \u03c4\u03bf\u03bd \u03c5\u03c0\u03bf\u03bb\u03bf\u03b3\u03b9\u03c3\u03c4\u03ae : \u0391\u03bd \u03b4\u03b5 \u03b8\u03ad\u03bb\u03b5\u03c4\u03b5 \u03bc\u03af\u03b1 \u03b5\u03c0\u03b9\u03c0\u03bb\u03ad\u03bf\u03bd \u03b3\u03bb\u03ce\u03c3\u03c3\u03b1 \u03c3\u03c4\u03bf \u03c0\u03bb\u03b7\u03ba\u03c4\u03c1\u03bf\u03bb\u03cc\u03b3\u03b9\u03cc \u03c3\u03b1\u03c2 \u03c0\u03bf\u03c5 \u03bc\u03c0\u03bf\u03c1\u03b5\u03af \u03bd\u03b1 \u03c4\u03bf \u03c7\u03c1\u03b7\u03c3\u03b9\u03bc\u03bf\u03c0\u03bf\u03b9\u03bf\u03cd\u03bd \u03ba\u03b1\u03b9 \u03ac\u03bb\u03bb\u03b1 \u03bc\u03ad\u03bb\u03b7 \u03c4\u03b7\u03c2 \u03bf\u03b9\u03ba\u03bf\u03b3\u03ad\u03bd\u03b5\u03b9\u03ac\u03c2 \u03c3\u03bf\u03c5 [&hellip;]<\/p>\n","protected":false},"author":28260,"featured_media":0,"parent":0,"menu_order":0,"comment_status":"closed","ping_status":"closed","template":"","meta":{"footnotes":""},"class_list":["post-220","page","type-page","status-publish","hentry"],"_links":{"self":[{"href":"https:\/\/blogs.e-me.edu.gr\/kouyoumtzi\/wp-json\/wp\/v2\/pages\/220","targetHints":{"allow":["GET"]}}],"collection":[{"href":"https:\/\/blogs.e-me.edu.gr\/kouyoumtzi\/wp-json\/wp\/v2\/pages"}],"about":[{"href":"https:\/\/blogs.e-me.edu.gr\/kouyoumtzi\/wp-json\/wp\/v2\/types\/page"}],"author":[{"embeddable":true,"href":"https:\/\/blogs.e-me.edu.gr\/kouyoumtzi\/wp-json\/wp\/v2\/users\/28260"}],"replies":[{"embeddable":true,"href":"https:\/\/blogs.e-me.edu.gr\/kouyoumtzi\/wp-json\/wp\/v2\/comments?post=220"}],"version-history":[{"count":0,"href":"https:\/\/blogs.e-me.edu.gr\/kouyoumtzi\/wp-json\/wp\/v2\/pages\/220\/revisions"}],"wp:attachment":[{"href":"https:\/\/blogs.e-me.edu.gr\/kouyoumtzi\/wp-json\/wp\/v2\/media?parent=220"}],"curies":[{"name":"wp","href":"https:\/\/api.w.org\/{rel}","templated":true}]}}