{"id":159,"date":"2022-11-28T13:33:52","date_gmt":"2022-11-28T13:33:52","guid":{"rendered":"https:\/\/blogs.e-me.edu.gr\/mkarantz\/?page_id=159"},"modified":"2024-12-05T15:39:02","modified_gmt":"2024-12-05T15:39:02","slug":"les-nombres","status":"publish","type":"page","link":"https:\/\/blogs.e-me.edu.gr\/mkarantz\/les-nombres\/","title":{"rendered":"Les nombres 0 \u00e0 12"},"content":{"rendered":"<p style=\"text-align: center\"><strong>Les nombres 0 \u00e0 12\u00a0 \u00a0 \u00a0 \u00a0 \u00a0 \u00a0 \u00a0 \u00a0 \u00a0 \u00a0 \u00a0 \u00a0 \u00a0 \u00a0<img loading=\"lazy\" decoding=\"async\" class=\"aligncenter wp-image-695\" src=\"https:\/\/blogs.e-me.edu.gr\/mkarantz\/wp-content\/uploads\/sites\/326768\/2024\/12\/1-1-300x300.png\" alt=\"\" width=\"378\" height=\"378\" srcset=\"https:\/\/blogs.e-me.edu.gr\/mkarantz\/wp-content\/uploads\/sites\/326768\/2024\/12\/1-1-300x300.png 300w, https:\/\/blogs.e-me.edu.gr\/mkarantz\/wp-content\/uploads\/sites\/326768\/2024\/12\/1-1-1024x1024.png 1024w, https:\/\/blogs.e-me.edu.gr\/mkarantz\/wp-content\/uploads\/sites\/326768\/2024\/12\/1-1-150x150.png 150w, https:\/\/blogs.e-me.edu.gr\/mkarantz\/wp-content\/uploads\/sites\/326768\/2024\/12\/1-1-768x768.png 768w, https:\/\/blogs.e-me.edu.gr\/mkarantz\/wp-content\/uploads\/sites\/326768\/2024\/12\/1-1-750x750.png 750w, https:\/\/blogs.e-me.edu.gr\/mkarantz\/wp-content\/uploads\/sites\/326768\/2024\/12\/1-1.png 1080w\" sizes=\"auto, (max-width: 378px) 100vw, 378px\" \/><\/strong><\/p>\n<p><strong>\u0391\u03ba\u03bf\u03cd\u03c3\u03c4\u03b5 \u03ba\u03b1\u03b9 \u03b5\u03c0\u03b1\u03bd\u03b1\u03bb\u03ac\u03b2\u03b5\u03c4\u03b5 \u03c4\u03bf\u03c5\u03c2 \u03b1\u03c1\u03b9\u03b8\u03bc\u03bf\u03cd\u03c2\u00a0 0 - 12<\/strong><iframe allow=\"microphone https:\/\/content.e-me.edu.gr\" src=\"https:\/\/content.e-me.edu.gr\/wp-admin\/admin-ajax.php?action=h5p_embed&id=[eme_content_id 1125952]<\/p>\" frameborder=\"0\" allowfullscreen=\"allowfullscreen\" onload=\"iFrameResize({heightCalculationMethod:'max'})\"><\/iframe>\n<iframe allow=\"microphone https:\/\/content.e-me.edu.gr\" src=\"https:\/\/content.e-me.edu.gr\/wp-admin\/admin-ajax.php?action=h5p_embed&id=<p>[eme_content_id 1348399]<\/p>\" frameborder=\"0\" allowfullscreen=\"allowfullscreen\" onload=\"iFrameResize({heightCalculationMethod:'max'})\"><\/iframe>\n<p>\u0392\u03c1\u03b5\u03af\u03c4\u03b5 \u03c4\u03bf \u03c4\u03b1\u03af\u03c1\u03b9<\/p>\n<div class=\"embed-container\"><iframe loading=\"lazy\" class=\"wp-embedded-content\" sandbox=\"allow-scripts\" security=\"restricted\" title=\"Les chiffres 0-12\" src=\"https:\/\/wordwall.net\/el\/embed\/ef8b4781790549afaf0351af8a8c3ee4?themeId=0&#038;ref=oembed#?secret=GsGt5XlZSc\" data-secret=\"GsGt5XlZSc\" width=\"500\" height=\"380\" frameborder=\"0\"><\/iframe><\/div>\n<p>&nbsp;<\/p>\n<p><strong>\u03a3\u03cd\u03c1\u03b5\u03c4\u03b5 \u03c4\u03bf\u03c5\u03c2 \u03b1\u03c1\u03b9\u03b8\u03bc\u03bf\u03cd\u03c2 \u03b3\u03b9\u03b1 \u03bd\u03b1 \u03bc\u03c0\u03bf\u03c5\u03bd \u03c3\u03c4\u03b7 \u03c3\u03c9\u03c3\u03c4\u03ae \u03c3\u03b5\u03b9\u03c1\u03ac<\/strong><\/p>\n<div class=\"embed-container\"><iframe loading=\"lazy\" class=\"wp-embedded-content\" sandbox=\"allow-scripts\" security=\"restricted\" title=\"les nombres de 1 \u00e0 12 - d\u00e9m\u00ealer\" src=\"https:\/\/wordwall.net\/el\/embed\/c4cda7a0f9d7434da9b20451d20ac495?themeId=53&#038;ref=oembed#?secret=Lu3C9LYUVy\" data-secret=\"Lu3C9LYUVy\" width=\"500\" height=\"380\" frameborder=\"0\"><\/iframe><\/div>\n<p>&nbsp;<\/p>\n<p><strong>\u03a0\u03b1\u03c4\u03ae\u03c3\u03c4\u03b5 \"\u00e9couter\" \u03b3\u03b9\u03b1 \u03bd\u03b1 \u03b1\u03ba\u03bf\u03cd\u03c3\u03b5\u03c4\u03b5 \u03c4\u03bf\u03bd \u03b1\u03c1\u03b9\u03b8\u03bc\u03cc \u03ba\u03b1\u03b9 \u03c3\u03c4\u03b7 \u03c3\u03c5\u03bd\u03ad\u03c7\u03b5\u03b9\u03b1 \u03c4\u03bf\u03c0\u03bf\u03b8\u03b5\u03c4\u03ae\u03c3\u03c4\u03b5 \u03c3\u03c4\u03bf \u03c3\u03c9\u03c3\u03c4\u03cc \u03ba\u03bf\u03c5\u03c4\u03af<\/strong><\/p>\n<div class=\"embed-container\"><iframe loading=\"lazy\" class=\"wp-embedded-content\" sandbox=\"allow-scripts\" security=\"restricted\" title=\"Les nombres 0 \u00e0 10.\" src=\"https:\/\/LearningApps.org\/watch?id=pj2sq3wfj01#?secret=I0uHAKHwpl\" data-secret=\"I0uHAKHwpl\" frameborder=\"0\" width=\"950\" height=\"500\"><\/iframe><\/div>\n<p><strong>\u03a3\u03cd\u03c1\u03b5\u03c4\u03b5 \u03c4\u03b1 \u03b3\u03c1\u03ac\u03bc\u03bc\u03b1\u03c4\u03b1 \u03c3\u03c4\u03b9\u03c2 \u03c3\u03c9\u03c3\u03c4\u03ae \u03b8\u03ad\u03c3\u03b7 \u03b3\u03b9\u03b1 \u03bd\u03b1 \u03c0\u03c1\u03bf\u03ba\u03cd\u03c8\u03b5\u03b9 \u03bf \u03b1\u03c1\u03b9\u03b8\u03bc\u03cc\u03c2<\/strong><\/p>\n<div class=\"embed-container\"><iframe loading=\"lazy\" class=\"wp-embedded-content\" sandbox=\"allow-scripts\" security=\"restricted\" title=\"Les nombres 1-12\" src=\"https:\/\/wordwall.net\/el\/embed\/e281e3e89f9644b89dd2d4155f2d8d96?themeId=41&#038;ref=oembed#?secret=ZzGccYvHKV\" data-secret=\"ZzGccYvHKV\" width=\"500\" height=\"380\" frameborder=\"0\"><\/iframe><\/div>\n<p><strong>\u039a\u03c1\u03b5\u03bc\u03ac\u03bb\u03b1<\/strong><\/p>\n<div class=\"embed-container\"><iframe loading=\"lazy\" class=\"wp-embedded-content\" sandbox=\"allow-scripts\" security=\"restricted\" title=\"Les nombres (1-12)\/Copains copines 1 unit\u00e9 2\" src=\"https:\/\/wordwall.net\/el\/embed\/76efa7ea703e486d99c0f02a35fa07e7?themeId=1&#038;ref=oembed#?secret=O4wrLR4G2M\" data-secret=\"O4wrLR4G2M\" width=\"500\" height=\"380\" frameborder=\"0\"><\/iframe><\/div>\n<p>&nbsp;<\/p>\n<p><strong>La dict\u00e9e des nombres\ud83d\ude0a\ud83d\ude0a\ud83d\ude0a \u03a0\u03b1\u03c4\u03ac\u03c4\u03b5 \u03c4\u03bf \u03b1\u03ba\u03bf\u03c5\u03c3\u03c4\u03b9\u03ba\u03cc \u03b3\u03b9\u03b1 \u03bd\u03b1 \u03b1\u03ba\u03bf\u03cd\u03c3\u03b5\u03c4\u03b5 \u03ba\u03b1\u03b9 \u03c3\u03c4\u03b7 \u03c3\u03c5\u03bd\u03ad\u03c7\u03b5\u03b9\u03b1 \u03b3\u03c1\u03ac\u03c6\u03b5\u03c4\u03b5 \u03c4\u03bf\u03bd \u03b1\u03c1\u03b9\u03b8\u03bc\u03cc<\/strong><\/p>\n<div class=\"embed-container\"><iframe loading=\"lazy\" class=\"wp-embedded-content\" sandbox=\"allow-scripts\" security=\"restricted\" title=\"Les nombres (0-12) (\u00c9coute)\" src=\"https:\/\/LearningApps.org\/watch?id=pi357npvc19#?secret=Q6MhArz77V\" data-secret=\"Q6MhArz77V\" frameborder=\"0\" width=\"950\" height=\"500\"><\/iframe><\/div>\n","protected":false},"excerpt":{"rendered":"<p>Les nombres 0 \u00e0 12\u00a0 \u00a0 \u00a0 \u00a0 \u00a0 \u00a0 \u00a0 \u00a0 \u00a0 \u00a0 \u00a0 \u00a0 \u00a0 \u00a0 \u0391\u03ba\u03bf\u03cd\u03c3\u03c4\u03b5 \u03ba\u03b1\u03b9 \u03b5\u03c0\u03b1\u03bd\u03b1\u03bb\u03ac\u03b2\u03b5\u03c4\u03b5 \u03c4\u03bf\u03c5\u03c2 \u03b1\u03c1\u03b9\u03b8\u03bc\u03bf\u03cd\u03c2\u00a0 0 &#8211; 12 \u0392\u03c1\u03b5\u03af\u03c4\u03b5 \u03c4\u03bf \u03c4\u03b1\u03af\u03c1\u03b9 &nbsp; \u03a3\u03cd\u03c1\u03b5\u03c4\u03b5 \u03c4\u03bf\u03c5\u03c2 \u03b1\u03c1\u03b9\u03b8\u03bc\u03bf\u03cd\u03c2 \u03b3\u03b9\u03b1 \u03bd\u03b1 \u03bc\u03c0\u03bf\u03c5\u03bd \u03c3\u03c4\u03b7 \u03c3\u03c9\u03c3\u03c4\u03ae \u03c3\u03b5\u03b9\u03c1\u03ac &nbsp; \u03a0\u03b1\u03c4\u03ae\u03c3\u03c4\u03b5 &#8220;\u00e9couter&#8221; \u03b3\u03b9\u03b1 \u03bd\u03b1 \u03b1\u03ba\u03bf\u03cd\u03c3\u03b5\u03c4\u03b5 \u03c4\u03bf\u03bd \u03b1\u03c1\u03b9\u03b8\u03bc\u03cc \u03ba\u03b1\u03b9 \u03c3\u03c4\u03b7 \u03c3\u03c5\u03bd\u03ad\u03c7\u03b5\u03b9\u03b1 \u03c4\u03bf\u03c0\u03bf\u03b8\u03b5\u03c4\u03ae\u03c3\u03c4\u03b5 \u03c3\u03c4\u03bf \u03c3\u03c9\u03c3\u03c4\u03cc \u03ba\u03bf\u03c5\u03c4\u03af \u03a3\u03cd\u03c1\u03b5\u03c4\u03b5 &hellip; <\/p>\n<p><a class=\"more-link btn\" href=\"https:\/\/blogs.e-me.edu.gr\/mkarantz\/les-nombres\/\">Continue reading<\/a><\/p>\n","protected":false},"author":12903,"featured_media":0,"parent":0,"menu_order":0,"comment_status":"closed","ping_status":"closed","template":"","meta":{"footnotes":""},"class_list":["post-159","page","type-page","status-publish","hentry","nodate","item-wrap"],"_links":{"self":[{"href":"https:\/\/blogs.e-me.edu.gr\/mkarantz\/wp-json\/wp\/v2\/pages\/159","targetHints":{"allow":["GET"]}}],"collection":[{"href":"https:\/\/blogs.e-me.edu.gr\/mkarantz\/wp-json\/wp\/v2\/pages"}],"about":[{"href":"https:\/\/blogs.e-me.edu.gr\/mkarantz\/wp-json\/wp\/v2\/types\/page"}],"author":[{"embeddable":true,"href":"https:\/\/blogs.e-me.edu.gr\/mkarantz\/wp-json\/wp\/v2\/users\/12903"}],"replies":[{"embeddable":true,"href":"https:\/\/blogs.e-me.edu.gr\/mkarantz\/wp-json\/wp\/v2\/comments?post=159"}],"version-history":[{"count":0,"href":"https:\/\/blogs.e-me.edu.gr\/mkarantz\/wp-json\/wp\/v2\/pages\/159\/revisions"}],"wp:attachment":[{"href":"https:\/\/blogs.e-me.edu.gr\/mkarantz\/wp-json\/wp\/v2\/media?parent=159"}],"curies":[{"name":"wp","href":"https:\/\/api.w.org\/{rel}","templated":true}]}}